{"id":6614,"date":"2025-05-12T14:35:45","date_gmt":"2025-05-12T14:35:45","guid":{"rendered":"https:\/\/www.anytrek.com\/?post_type=product&#038;p=6614"},"modified":"2025-10-08T23:43:03","modified_gmt":"2025-10-08T23:43:03","slug":"4-round-decoy-tracklight-la16121-r00","status":"publish","type":"product","link":"https:\/\/www.anytrek.com\/fr\/produit\/4-round-decoy-tracklight-la16121-r00\/","title":{"rendered":"TrackLight rond 4 po LA16121 R00"},"content":{"rendered":"","protected":false},"excerpt":{"rendered":"<p>TrackLight utilise des DEL de haute qualit\u00e9, homologu\u00e9es DOT, pour l\u2019\u00e9clairage. Certaines remorques utilisent encore des feux de stop et arri\u00e8re \u00e0 ampoules incandescentes plus anciens. L\u2019installation d\u2019un TrackLight sur ce type de remorque pourrait se d\u00e9marquer et r\u00e9duire sa discr\u00e9tion.<br data-filtered=\"filtered\" \/>Afin d\u2019\u00e9viter cette situation, Anytrek propose \u00e9galement des feux camoufl\u00e9s qui ont la m\u00eame apparence, s\u2019installent de la m\u00eame mani\u00e8re et offrent le m\u00eame \u00e9clairage qu\u2019un TrackLight. La seule diff\u00e9rence est qu\u2019il s\u2019agit simplement d\u2019un feu arri\u00e8re, sans aucun composant de suivi.\n\nInstaller un TrackLight d\u2019un c\u00f4t\u00e9 de la remorque et un feu camoufl\u00e9 de l\u2019autre c\u00f4t\u00e9 permet d\u2019obtenir une apparence \u00e9quilibr\u00e9e avec deux feux arri\u00e8re LED identiques.<br data-filtered=\"filtered\" \/>C\u2019est une solution tr\u00e8s \u00e9conomique qui vous permet de profiter de tous les avantages du TrackLight, y compris sa discr\u00e9tion.<\/p>","protected":false},"featured_media":6615,"template":"","meta":{"_acf_changed":false},"product_brand":[],"product_cat":[77,84,75],"product_tag":[],"class_list":{"0":"post-6614","1":"product","2":"type-product","3":"status-publish","4":"has-post-thumbnail","6":"product_cat-accessories","7":"product_cat-decoy-light","8":"product_cat-tracklight","10":"first","11":"instock","12":"shipping-taxable","13":"product-type-simple"},"acf":[],"yoast_head":"<!-- This site is optimized with the Yoast SEO plugin v27.1.1 - https:\/\/yoast.com\/product\/yoast-seo-wordpress\/ -->\n<title>4\u2033 Round Decoy TrackLight LA16121 R00 - Smart Trucking, powered by AI.<\/title>\n<meta name=\"robots\" content=\"index, follow, max-snippet:-1, max-image-preview:large, max-video-preview:-1\" \/>\n<link rel=\"canonical\" href=\"https:\/\/www.anytrek.com\/fr\/produit\/4-round-decoy-tracklight-la16121-r00\/\" \/>\n<meta property=\"og:locale\" content=\"fr_CA\" \/>\n<meta property=\"og:type\" content=\"article\" \/>\n<meta property=\"og:title\" content=\"4\u2033 Round Decoy TrackLight LA16121 R00 - Smart Trucking, powered by AI.\" \/>\n<meta property=\"og:description\" content=\"TrackLight uses high-quality, DOT approved LED\u2019s for illumination. Some trailers still use the older incandescent bulb variety of stop and tail lights. Fitting a TrackLight to such a trailer would stand out and perhaps lose some of its \u2018covertness\u2019.In order to avoid this situation, Anytrek also produces Decoy lights which look, install and illuminate exactly the same as a TrackLight; the only difference being that the decoy is simply a tail light without any of the tracking components. Fitting a TrackLight on one side of the trailer and a decoy on the other side provides a balanced view of a pair of identical LED tail lights.It\u2019s a very economical solution to ensure you gain all the benefits of using a TrackLight, including its covertness.\" \/>\n<meta property=\"og:url\" content=\"https:\/\/www.anytrek.com\/fr\/produit\/4-round-decoy-tracklight-la16121-r00\/\" \/>\n<meta property=\"og:site_name\" content=\"Smart Trucking, powered by AI.\" \/>\n<meta property=\"article:modified_time\" content=\"2025-10-08T23:43:03+00:00\" \/>\n<meta property=\"og:image\" content=\"https:\/\/www.anytrek.com\/wp-content\/uploads\/2025\/05\/LA16121R00.png\" \/>\n\t<meta property=\"og:image:width\" content=\"577\" \/>\n\t<meta property=\"og:image:height\" content=\"577\" \/>\n\t<meta property=\"og:image:type\" content=\"image\/png\" \/>\n<meta name=\"twitter:card\" content=\"summary_large_image\" \/>\n<meta name=\"twitter:label1\" content=\"Estimation du temps de lecture\" \/>\n\t<meta name=\"twitter:data1\" content=\"1 minute\" \/>\n<script type=\"application\/ld+json\" class=\"yoast-schema-graph\">{\"@context\":\"https:\/\/schema.org\",\"@graph\":[{\"@type\":\"WebPage\",\"@id\":\"https:\/\/www.anytrek.com\/product\/4-round-decoy-tracklight-la16121-r00\/\",\"url\":\"https:\/\/www.anytrek.com\/product\/4-round-decoy-tracklight-la16121-r00\/\",\"name\":\"4\u2033 Round Decoy TrackLight LA16121 R00 - Smart Trucking, powered by AI.\",\"isPartOf\":{\"@id\":\"https:\/\/www.anytrek.com\/#website\"},\"primaryImageOfPage\":{\"@id\":\"https:\/\/www.anytrek.com\/product\/4-round-decoy-tracklight-la16121-r00\/#primaryimage\"},\"image\":{\"@id\":\"https:\/\/www.anytrek.com\/product\/4-round-decoy-tracklight-la16121-r00\/#primaryimage\"},\"thumbnailUrl\":\"https:\/\/www.anytrek.com\/wp-content\/uploads\/2025\/05\/LA16121R00.png\",\"datePublished\":\"2025-05-12T14:35:45+00:00\",\"dateModified\":\"2025-10-08T23:43:03+00:00\",\"breadcrumb\":{\"@id\":\"https:\/\/www.anytrek.com\/product\/4-round-decoy-tracklight-la16121-r00\/#breadcrumb\"},\"inLanguage\":\"fr-CA\",\"potentialAction\":[{\"@type\":\"ReadAction\",\"target\":[\"https:\/\/www.anytrek.com\/product\/4-round-decoy-tracklight-la16121-r00\/\"]}]},{\"@type\":\"ImageObject\",\"inLanguage\":\"fr-CA\",\"@id\":\"https:\/\/www.anytrek.com\/product\/4-round-decoy-tracklight-la16121-r00\/#primaryimage\",\"url\":\"https:\/\/www.anytrek.com\/wp-content\/uploads\/2025\/05\/LA16121R00.png\",\"contentUrl\":\"https:\/\/www.anytrek.com\/wp-content\/uploads\/2025\/05\/LA16121R00.png\",\"width\":577,\"height\":577},{\"@type\":\"BreadcrumbList\",\"@id\":\"https:\/\/www.anytrek.com\/product\/4-round-decoy-tracklight-la16121-r00\/#breadcrumb\",\"itemListElement\":[{\"@type\":\"ListItem\",\"position\":1,\"name\":\"Home\",\"item\":\"https:\/\/www.anytrek.com\/\"},{\"@type\":\"ListItem\",\"position\":2,\"name\":\"Shop\",\"item\":\"https:\/\/www.anytrek.com\/shop\/\"},{\"@type\":\"ListItem\",\"position\":3,\"name\":\"4\u2033 Round Decoy TrackLight LA16121 R00\"}]},{\"@type\":\"WebSite\",\"@id\":\"https:\/\/www.anytrek.com\/#website\",\"url\":\"https:\/\/www.anytrek.com\/\",\"name\":\"Smart Trucking, powered by AI.\",\"description\":\"Anytrek\",\"publisher\":{\"@id\":\"https:\/\/www.anytrek.com\/#organization\"},\"potentialAction\":[{\"@type\":\"SearchAction\",\"target\":{\"@type\":\"EntryPoint\",\"urlTemplate\":\"https:\/\/www.anytrek.com\/?s={search_term_string}\"},\"query-input\":{\"@type\":\"PropertyValueSpecification\",\"valueRequired\":true,\"valueName\":\"search_term_string\"}}],\"inLanguage\":\"fr-CA\"},{\"@type\":\"Organization\",\"@id\":\"https:\/\/www.anytrek.com\/#organization\",\"name\":\"Smart Trucking, powered by AI.\",\"url\":\"https:\/\/www.anytrek.com\/\",\"logo\":{\"@type\":\"ImageObject\",\"inLanguage\":\"fr-CA\",\"@id\":\"https:\/\/www.anytrek.com\/#\/schema\/logo\/image\/\",\"url\":\"https:\/\/www.anytrek.com\/wp-content\/uploads\/2025\/04\/Logo.png\",\"contentUrl\":\"https:\/\/www.anytrek.com\/wp-content\/uploads\/2025\/04\/Logo.png\",\"width\":1375,\"height\":459,\"caption\":\"Smart Trucking, powered by AI.\"},\"image\":{\"@id\":\"https:\/\/www.anytrek.com\/#\/schema\/logo\/image\/\"}}]}<\/script>\n<!-- \/ Yoast SEO plugin. -->","yoast_head_json":{"title":"4\u2033 Round Decoy TrackLight LA16121 R00 - Smart Trucking, powered by AI.","robots":{"index":"index","follow":"follow","max-snippet":"max-snippet:-1","max-image-preview":"max-image-preview:large","max-video-preview":"max-video-preview:-1"},"canonical":"https:\/\/www.anytrek.com\/fr\/produit\/4-round-decoy-tracklight-la16121-r00\/","og_locale":"fr_CA","og_type":"article","og_title":"4\u2033 Round Decoy TrackLight LA16121 R00 - Smart Trucking, powered by AI.","og_description":"TrackLight uses high-quality, DOT approved LED\u2019s for illumination. Some trailers still use the older incandescent bulb variety of stop and tail lights. Fitting a TrackLight to such a trailer would stand out and perhaps lose some of its \u2018covertness\u2019.In order to avoid this situation, Anytrek also produces Decoy lights which look, install and illuminate exactly the same as a TrackLight; the only difference being that the decoy is simply a tail light without any of the tracking components. Fitting a TrackLight on one side of the trailer and a decoy on the other side provides a balanced view of a pair of identical LED tail lights.It\u2019s a very economical solution to ensure you gain all the benefits of using a TrackLight, including its covertness.","og_url":"https:\/\/www.anytrek.com\/fr\/produit\/4-round-decoy-tracklight-la16121-r00\/","og_site_name":"Smart Trucking, powered by AI.","article_modified_time":"2025-10-08T23:43:03+00:00","og_image":[{"width":577,"height":577,"url":"https:\/\/www.anytrek.com\/wp-content\/uploads\/2025\/05\/LA16121R00.png","type":"image\/png"}],"twitter_card":"summary_large_image","twitter_misc":{"Estimation du temps de lecture":"1 minute"},"schema":{"@context":"https:\/\/schema.org","@graph":[{"@type":"WebPage","@id":"https:\/\/www.anytrek.com\/product\/4-round-decoy-tracklight-la16121-r00\/","url":"https:\/\/www.anytrek.com\/product\/4-round-decoy-tracklight-la16121-r00\/","name":"4\u2033 Round Decoy TrackLight LA16121 R00 - Smart Trucking, powered by AI.","isPartOf":{"@id":"https:\/\/www.anytrek.com\/#website"},"primaryImageOfPage":{"@id":"https:\/\/www.anytrek.com\/product\/4-round-decoy-tracklight-la16121-r00\/#primaryimage"},"image":{"@id":"https:\/\/www.anytrek.com\/product\/4-round-decoy-tracklight-la16121-r00\/#primaryimage"},"thumbnailUrl":"https:\/\/www.anytrek.com\/wp-content\/uploads\/2025\/05\/LA16121R00.png","datePublished":"2025-05-12T14:35:45+00:00","dateModified":"2025-10-08T23:43:03+00:00","breadcrumb":{"@id":"https:\/\/www.anytrek.com\/product\/4-round-decoy-tracklight-la16121-r00\/#breadcrumb"},"inLanguage":"fr-CA","potentialAction":[{"@type":"ReadAction","target":["https:\/\/www.anytrek.com\/product\/4-round-decoy-tracklight-la16121-r00\/"]}]},{"@type":"ImageObject","inLanguage":"fr-CA","@id":"https:\/\/www.anytrek.com\/product\/4-round-decoy-tracklight-la16121-r00\/#primaryimage","url":"https:\/\/www.anytrek.com\/wp-content\/uploads\/2025\/05\/LA16121R00.png","contentUrl":"https:\/\/www.anytrek.com\/wp-content\/uploads\/2025\/05\/LA16121R00.png","width":577,"height":577},{"@type":"BreadcrumbList","@id":"https:\/\/www.anytrek.com\/product\/4-round-decoy-tracklight-la16121-r00\/#breadcrumb","itemListElement":[{"@type":"ListItem","position":1,"name":"Home","item":"https:\/\/www.anytrek.com\/"},{"@type":"ListItem","position":2,"name":"Shop","item":"https:\/\/www.anytrek.com\/shop\/"},{"@type":"ListItem","position":3,"name":"4\u2033 Round Decoy TrackLight LA16121 R00"}]},{"@type":"WebSite","@id":"https:\/\/www.anytrek.com\/#website","url":"https:\/\/www.anytrek.com\/","name":"Camionnage Intelligent, propuls\u00e9 par l'IA","description":"Anytrek","publisher":{"@id":"https:\/\/www.anytrek.com\/#organization"},"potentialAction":[{"@type":"SearchAction","target":{"@type":"EntryPoint","urlTemplate":"https:\/\/www.anytrek.com\/?s={search_term_string}"},"query-input":{"@type":"PropertyValueSpecification","valueRequired":true,"valueName":"search_term_string"}}],"inLanguage":"fr-CA"},{"@type":"Organization","@id":"https:\/\/www.anytrek.com\/#organization","name":"Camionnage Intelligent, propuls\u00e9 par l'IA","url":"https:\/\/www.anytrek.com\/","logo":{"@type":"ImageObject","inLanguage":"fr-CA","@id":"https:\/\/www.anytrek.com\/#\/schema\/logo\/image\/","url":"https:\/\/www.anytrek.com\/wp-content\/uploads\/2025\/04\/Logo.png","contentUrl":"https:\/\/www.anytrek.com\/wp-content\/uploads\/2025\/04\/Logo.png","width":1375,"height":459,"caption":"Smart Trucking, powered by AI."},"image":{"@id":"https:\/\/www.anytrek.com\/#\/schema\/logo\/image\/"}}]}},"_links":{"self":[{"href":"https:\/\/www.anytrek.com\/fr\/wp-json\/wp\/v2\/product\/6614","targetHints":{"allow":["GET"]}}],"collection":[{"href":"https:\/\/www.anytrek.com\/fr\/wp-json\/wp\/v2\/product"}],"about":[{"href":"https:\/\/www.anytrek.com\/fr\/wp-json\/wp\/v2\/types\/product"}],"wp:featuredmedia":[{"embeddable":true,"href":"https:\/\/www.anytrek.com\/fr\/wp-json\/wp\/v2\/media\/6615"}],"wp:attachment":[{"href":"https:\/\/www.anytrek.com\/fr\/wp-json\/wp\/v2\/media?parent=6614"}],"wp:term":[{"taxonomy":"product_brand","embeddable":true,"href":"https:\/\/www.anytrek.com\/fr\/wp-json\/wp\/v2\/product_brand?post=6614"},{"taxonomy":"product_cat","embeddable":true,"href":"https:\/\/www.anytrek.com\/fr\/wp-json\/wp\/v2\/product_cat?post=6614"},{"taxonomy":"product_tag","embeddable":true,"href":"https:\/\/www.anytrek.com\/fr\/wp-json\/wp\/v2\/product_tag?post=6614"}],"curies":[{"name":"wp","href":"https:\/\/api.w.org\/{rel}","templated":true}]}}