{"id":5372,"date":"2025-05-05T08:47:10","date_gmt":"2025-05-05T08:47:10","guid":{"rendered":"https:\/\/www.anytrek.com\/?post_type=product&#038;p=5372"},"modified":"2025-08-18T06:22:29","modified_gmt":"2025-08-18T06:22:29","slug":"vs2310","status":"publish","type":"product","link":"https:\/\/www.anytrek.com\/fr\/produit\/vs2310\/","title":{"rendered":"VS2310"},"content":{"rendered":"","protected":false},"excerpt":{"rendered":"<p>R\u00e9duisez vos co\u00fbts d\u2019exploitation et augmentez vos marges gr\u00e2ce \u00e0 un syst\u00e8me global de gestion des remorques et du chargement. Sans un statut du chargement en temps r\u00e9el, des ressources sont gaspill\u00e9es \u00e0 cause de r\u00e9servations inefficaces, de conducteurs mal dirig\u00e9s et de v\u00e9rifications inutiles. Ce manque de contr\u00f4le s\u2019\u00e9tend au transport et \u00e0 la manutention du chargement chez les clients. Une surveillance active du chargement \u00e0 l\u2019int\u00e9rieur des remorques peut r\u00e9soudre ces probl\u00e8mes.<\/p>\n<p>&nbsp;<\/p>","protected":false},"featured_media":5374,"template":"","meta":{"_acf_changed":false},"product_brand":[],"product_cat":[80,81],"product_tag":[],"class_list":{"0":"post-5372","1":"product","2":"type-product","3":"status-publish","4":"has-post-thumbnail","6":"product_cat-ai-trailer","7":"product_cat-ai-series","9":"first","10":"instock","11":"shipping-taxable","12":"product-type-simple"},"acf":[],"yoast_head":"<!-- This site is optimized with the Yoast SEO plugin v27.1.1 - https:\/\/yoast.com\/product\/yoast-seo-wordpress\/ -->\n<title>VS2310 - Smart Trucking, powered by AI.<\/title>\n<meta name=\"robots\" content=\"index, follow, max-snippet:-1, max-image-preview:large, max-video-preview:-1\" \/>\n<link rel=\"canonical\" href=\"https:\/\/www.anytrek.com\/fr\/produit\/vs2310\/\" \/>\n<meta property=\"og:locale\" content=\"fr_CA\" \/>\n<meta property=\"og:type\" content=\"article\" \/>\n<meta property=\"og:title\" content=\"VS2310 - Smart Trucking, powered by AI.\" \/>\n<meta property=\"og:description\" content=\"Reduce operating costs and increase margins with a holistic trailer and cargo management system. Without real-timecargo status, resources are wasted through inefficient load bookings, misdirected drivers, and unnecessary cargo checks. This lack of control extends to cargo transport and handling at customer locations. Active cargo monitoring inside trailers can solve these issues  &nbsp;\" \/>\n<meta property=\"og:url\" content=\"https:\/\/www.anytrek.com\/fr\/produit\/vs2310\/\" \/>\n<meta property=\"og:site_name\" content=\"Smart Trucking, powered by AI.\" \/>\n<meta property=\"article:modified_time\" content=\"2025-08-18T06:22:29+00:00\" \/>\n<meta property=\"og:image\" content=\"https:\/\/www.anytrek.com\/wp-content\/uploads\/2025\/05\/VS2310-1.png\" \/>\n\t<meta property=\"og:image:width\" content=\"1500\" \/>\n\t<meta property=\"og:image:height\" content=\"1500\" \/>\n\t<meta property=\"og:image:type\" content=\"image\/png\" \/>\n<meta name=\"twitter:card\" content=\"summary_large_image\" \/>\n<meta name=\"twitter:label1\" content=\"Estimation du temps de lecture\" \/>\n\t<meta name=\"twitter:data1\" content=\"1 minute\" \/>\n<script type=\"application\/ld+json\" class=\"yoast-schema-graph\">{\"@context\":\"https:\/\/schema.org\",\"@graph\":[{\"@type\":\"WebPage\",\"@id\":\"https:\/\/www.anytrek.com\/product\/vs2310\/\",\"url\":\"https:\/\/www.anytrek.com\/product\/vs2310\/\",\"name\":\"VS2310 - Smart Trucking, powered by AI.\",\"isPartOf\":{\"@id\":\"https:\/\/www.anytrek.com\/#website\"},\"primaryImageOfPage\":{\"@id\":\"https:\/\/www.anytrek.com\/product\/vs2310\/#primaryimage\"},\"image\":{\"@id\":\"https:\/\/www.anytrek.com\/product\/vs2310\/#primaryimage\"},\"thumbnailUrl\":\"https:\/\/www.anytrek.com\/wp-content\/uploads\/2025\/05\/VS2310-1.png\",\"datePublished\":\"2025-05-05T08:47:10+00:00\",\"dateModified\":\"2025-08-18T06:22:29+00:00\",\"breadcrumb\":{\"@id\":\"https:\/\/www.anytrek.com\/product\/vs2310\/#breadcrumb\"},\"inLanguage\":\"fr-CA\",\"potentialAction\":[{\"@type\":\"ReadAction\",\"target\":[\"https:\/\/www.anytrek.com\/product\/vs2310\/\"]}]},{\"@type\":\"ImageObject\",\"inLanguage\":\"fr-CA\",\"@id\":\"https:\/\/www.anytrek.com\/product\/vs2310\/#primaryimage\",\"url\":\"https:\/\/www.anytrek.com\/wp-content\/uploads\/2025\/05\/VS2310-1.png\",\"contentUrl\":\"https:\/\/www.anytrek.com\/wp-content\/uploads\/2025\/05\/VS2310-1.png\",\"width\":1500,\"height\":1500},{\"@type\":\"BreadcrumbList\",\"@id\":\"https:\/\/www.anytrek.com\/product\/vs2310\/#breadcrumb\",\"itemListElement\":[{\"@type\":\"ListItem\",\"position\":1,\"name\":\"Home\",\"item\":\"https:\/\/www.anytrek.com\/\"},{\"@type\":\"ListItem\",\"position\":2,\"name\":\"Shop\",\"item\":\"https:\/\/www.anytrek.com\/shop\/\"},{\"@type\":\"ListItem\",\"position\":3,\"name\":\"VS2310\"}]},{\"@type\":\"WebSite\",\"@id\":\"https:\/\/www.anytrek.com\/#website\",\"url\":\"https:\/\/www.anytrek.com\/\",\"name\":\"Smart Trucking, powered by AI.\",\"description\":\"Anytrek\",\"publisher\":{\"@id\":\"https:\/\/www.anytrek.com\/#organization\"},\"potentialAction\":[{\"@type\":\"SearchAction\",\"target\":{\"@type\":\"EntryPoint\",\"urlTemplate\":\"https:\/\/www.anytrek.com\/?s={search_term_string}\"},\"query-input\":{\"@type\":\"PropertyValueSpecification\",\"valueRequired\":true,\"valueName\":\"search_term_string\"}}],\"inLanguage\":\"fr-CA\"},{\"@type\":\"Organization\",\"@id\":\"https:\/\/www.anytrek.com\/#organization\",\"name\":\"Smart Trucking, powered by AI.\",\"url\":\"https:\/\/www.anytrek.com\/\",\"logo\":{\"@type\":\"ImageObject\",\"inLanguage\":\"fr-CA\",\"@id\":\"https:\/\/www.anytrek.com\/#\/schema\/logo\/image\/\",\"url\":\"https:\/\/www.anytrek.com\/wp-content\/uploads\/2025\/04\/Logo.png\",\"contentUrl\":\"https:\/\/www.anytrek.com\/wp-content\/uploads\/2025\/04\/Logo.png\",\"width\":1375,\"height\":459,\"caption\":\"Smart Trucking, powered by AI.\"},\"image\":{\"@id\":\"https:\/\/www.anytrek.com\/#\/schema\/logo\/image\/\"}}]}<\/script>\n<!-- \/ Yoast SEO plugin. -->","yoast_head_json":{"title":"VS2310 - Smart Trucking, powered by AI.","robots":{"index":"index","follow":"follow","max-snippet":"max-snippet:-1","max-image-preview":"max-image-preview:large","max-video-preview":"max-video-preview:-1"},"canonical":"https:\/\/www.anytrek.com\/fr\/produit\/vs2310\/","og_locale":"fr_CA","og_type":"article","og_title":"VS2310 - Smart Trucking, powered by AI.","og_description":"Reduce operating costs and increase margins with a holistic trailer and cargo management system. Without real-timecargo status, resources are wasted through inefficient load bookings, misdirected drivers, and unnecessary cargo checks. This lack of control extends to cargo transport and handling at customer locations. Active cargo monitoring inside trailers can solve these issues  &nbsp;","og_url":"https:\/\/www.anytrek.com\/fr\/produit\/vs2310\/","og_site_name":"Smart Trucking, powered by AI.","article_modified_time":"2025-08-18T06:22:29+00:00","og_image":[{"width":1500,"height":1500,"url":"https:\/\/www.anytrek.com\/wp-content\/uploads\/2025\/05\/VS2310-1.png","type":"image\/png"}],"twitter_card":"summary_large_image","twitter_misc":{"Estimation du temps de lecture":"1 minute"},"schema":{"@context":"https:\/\/schema.org","@graph":[{"@type":"WebPage","@id":"https:\/\/www.anytrek.com\/product\/vs2310\/","url":"https:\/\/www.anytrek.com\/product\/vs2310\/","name":"VS2310 - Smart Trucking, powered by AI.","isPartOf":{"@id":"https:\/\/www.anytrek.com\/#website"},"primaryImageOfPage":{"@id":"https:\/\/www.anytrek.com\/product\/vs2310\/#primaryimage"},"image":{"@id":"https:\/\/www.anytrek.com\/product\/vs2310\/#primaryimage"},"thumbnailUrl":"https:\/\/www.anytrek.com\/wp-content\/uploads\/2025\/05\/VS2310-1.png","datePublished":"2025-05-05T08:47:10+00:00","dateModified":"2025-08-18T06:22:29+00:00","breadcrumb":{"@id":"https:\/\/www.anytrek.com\/product\/vs2310\/#breadcrumb"},"inLanguage":"fr-CA","potentialAction":[{"@type":"ReadAction","target":["https:\/\/www.anytrek.com\/product\/vs2310\/"]}]},{"@type":"ImageObject","inLanguage":"fr-CA","@id":"https:\/\/www.anytrek.com\/product\/vs2310\/#primaryimage","url":"https:\/\/www.anytrek.com\/wp-content\/uploads\/2025\/05\/VS2310-1.png","contentUrl":"https:\/\/www.anytrek.com\/wp-content\/uploads\/2025\/05\/VS2310-1.png","width":1500,"height":1500},{"@type":"BreadcrumbList","@id":"https:\/\/www.anytrek.com\/product\/vs2310\/#breadcrumb","itemListElement":[{"@type":"ListItem","position":1,"name":"Home","item":"https:\/\/www.anytrek.com\/"},{"@type":"ListItem","position":2,"name":"Shop","item":"https:\/\/www.anytrek.com\/shop\/"},{"@type":"ListItem","position":3,"name":"VS2310"}]},{"@type":"WebSite","@id":"https:\/\/www.anytrek.com\/#website","url":"https:\/\/www.anytrek.com\/","name":"Camionnage Intelligent, propuls\u00e9 par l'IA","description":"Anytrek","publisher":{"@id":"https:\/\/www.anytrek.com\/#organization"},"potentialAction":[{"@type":"SearchAction","target":{"@type":"EntryPoint","urlTemplate":"https:\/\/www.anytrek.com\/?s={search_term_string}"},"query-input":{"@type":"PropertyValueSpecification","valueRequired":true,"valueName":"search_term_string"}}],"inLanguage":"fr-CA"},{"@type":"Organization","@id":"https:\/\/www.anytrek.com\/#organization","name":"Camionnage Intelligent, propuls\u00e9 par l'IA","url":"https:\/\/www.anytrek.com\/","logo":{"@type":"ImageObject","inLanguage":"fr-CA","@id":"https:\/\/www.anytrek.com\/#\/schema\/logo\/image\/","url":"https:\/\/www.anytrek.com\/wp-content\/uploads\/2025\/04\/Logo.png","contentUrl":"https:\/\/www.anytrek.com\/wp-content\/uploads\/2025\/04\/Logo.png","width":1375,"height":459,"caption":"Smart Trucking, powered by AI."},"image":{"@id":"https:\/\/www.anytrek.com\/#\/schema\/logo\/image\/"}}]}},"_links":{"self":[{"href":"https:\/\/www.anytrek.com\/fr\/wp-json\/wp\/v2\/product\/5372","targetHints":{"allow":["GET"]}}],"collection":[{"href":"https:\/\/www.anytrek.com\/fr\/wp-json\/wp\/v2\/product"}],"about":[{"href":"https:\/\/www.anytrek.com\/fr\/wp-json\/wp\/v2\/types\/product"}],"wp:featuredmedia":[{"embeddable":true,"href":"https:\/\/www.anytrek.com\/fr\/wp-json\/wp\/v2\/media\/5374"}],"wp:attachment":[{"href":"https:\/\/www.anytrek.com\/fr\/wp-json\/wp\/v2\/media?parent=5372"}],"wp:term":[{"taxonomy":"product_brand","embeddable":true,"href":"https:\/\/www.anytrek.com\/fr\/wp-json\/wp\/v2\/product_brand?post=5372"},{"taxonomy":"product_cat","embeddable":true,"href":"https:\/\/www.anytrek.com\/fr\/wp-json\/wp\/v2\/product_cat?post=5372"},{"taxonomy":"product_tag","embeddable":true,"href":"https:\/\/www.anytrek.com\/fr\/wp-json\/wp\/v2\/product_tag?post=5372"}],"curies":[{"name":"wp","href":"https:\/\/api.w.org\/{rel}","templated":true}]}}