{"id":3382,"date":"2025-05-02T12:47:18","date_gmt":"2025-05-02T12:47:18","guid":{"rendered":"https:\/\/www.anytrek.com\/?post_type=product&#038;p=3382"},"modified":"2025-08-18T15:17:06","modified_gmt":"2025-08-18T15:17:06","slug":"6-oval-led-side-marker-tracklight","status":"publish","type":"product","link":"https:\/\/www.anytrek.com\/fr\/produit\/6-oval-led-side-marker-tracklight\/","title":{"rendered":"VT1711"},"content":{"rendered":"","protected":false},"excerpt":{"rendered":"<p>Le mod\u00e8le TrackLight GPS VT1711 a la m\u00eame apparence et le m\u00eame fonctionnement qu\u2019un feu arri\u00e8re ou d\u2019un feu lat\u00e9ral \u00e0 LED ovale de 6 po normal, ce qui permet un suivi discret et une installation simple \u00e0 l\u2019aide de supports standards. Class\u00e9 IP67, il est \u00e9tanche, r\u00e9sistant aux chocs, et con\u00e7u pour fonctionner dans des conditions difficiles sur la route. \u00c0 l\u2019int\u00e9rieur de son boitier se trouve un puissant module GPS connect\u00e9 via un modem 4G\/3G, garantissant la r\u00e9ception fiable et pr\u00e9cise des mises \u00e0 jour de localisation.\n\nLa batterie au Lithium-Ion int\u00e9gr\u00e9e peut fournir jusqu\u2019\u00e0 90 jours de rapports de localisation avec des notifications automatiques de changement de conditions lorsqu\u2019elle n\u2019est pas aliment\u00e9e.\n\nLe dispositif TrackLight est un v\u00e9ritable \u00abbranche et conduit\u00bb. L\u2019installation est aussi simple que le remplacement d\u2019un de vos feux, car c\u2019est tout ce qu\u2019il y a \u00e0 faire.<\/p>","protected":false},"featured_media":3403,"template":"","meta":{"_acf_changed":false},"product_brand":[],"product_cat":[75,36],"product_tag":[],"class_list":{"0":"post-3382","1":"product","2":"type-product","3":"status-publish","4":"has-post-thumbnail","6":"product_cat-tracklight","7":"product_cat-side-marker-light","9":"first","10":"instock","11":"shipping-taxable","12":"product-type-simple"},"acf":[],"yoast_head":"<!-- This site is optimized with the Yoast SEO plugin v27.1.1 - https:\/\/yoast.com\/product\/yoast-seo-wordpress\/ -->\n<title>VT1711 - Smart Trucking, powered by AI.<\/title>\n<meta name=\"robots\" content=\"index, follow, max-snippet:-1, max-image-preview:large, max-video-preview:-1\" \/>\n<link rel=\"canonical\" href=\"https:\/\/www.anytrek.com\/fr\/produit\/6-oval-led-side-marker-tracklight\/\" \/>\n<meta property=\"og:locale\" content=\"fr_CA\" \/>\n<meta property=\"og:type\" content=\"article\" \/>\n<meta property=\"og:title\" content=\"VT1711 - Smart Trucking, powered by AI.\" \/>\n<meta property=\"og:description\" content=\"TrackLight GPS tracker model VT1711 looks and functions exactly the same as a standard 6\u201d oval LED side lamp, providing the ultimate in covert tracking and simple installation using standard mounts. Rated at IP67, it is waterproof and shockproof and designed to function in harsh conditions on the road. Inside the lamp case is a powerful GPS module connected via a 4G\/3G modem, ensuring location updates are received reliably and accurately. The built-in Lithium-Ion battery can provide up to 90 days of location reporting with automatic notifications of changed conditions when unpowered. The TrackLight tracker is true plug and drive. Installation is as simple as replacing one of your own lights, because that\u2019s all there is to it.\" \/>\n<meta property=\"og:url\" content=\"https:\/\/www.anytrek.com\/fr\/produit\/6-oval-led-side-marker-tracklight\/\" \/>\n<meta property=\"og:site_name\" content=\"Smart Trucking, powered by AI.\" \/>\n<meta property=\"article:modified_time\" content=\"2025-08-18T15:17:06+00:00\" \/>\n<meta property=\"og:image\" content=\"https:\/\/www.anytrek.com\/wp-content\/uploads\/2025\/05\/VT1711\u6b63\u4fa7-1024x1024.png\" \/>\n\t<meta property=\"og:image:width\" content=\"1024\" \/>\n\t<meta property=\"og:image:height\" content=\"1024\" \/>\n\t<meta property=\"og:image:type\" content=\"image\/png\" \/>\n<meta name=\"twitter:card\" content=\"summary_large_image\" \/>\n<meta name=\"twitter:label1\" content=\"Estimation du temps de lecture\" \/>\n\t<meta name=\"twitter:data1\" content=\"1 minute\" \/>\n<script type=\"application\/ld+json\" class=\"yoast-schema-graph\">{\"@context\":\"https:\/\/schema.org\",\"@graph\":[{\"@type\":\"WebPage\",\"@id\":\"https:\/\/www.anytrek.com\/product\/6-oval-led-side-marker-tracklight\/\",\"url\":\"https:\/\/www.anytrek.com\/product\/6-oval-led-side-marker-tracklight\/\",\"name\":\"VT1711 - Smart Trucking, powered by AI.\",\"isPartOf\":{\"@id\":\"https:\/\/www.anytrek.com\/#website\"},\"primaryImageOfPage\":{\"@id\":\"https:\/\/www.anytrek.com\/product\/6-oval-led-side-marker-tracklight\/#primaryimage\"},\"image\":{\"@id\":\"https:\/\/www.anytrek.com\/product\/6-oval-led-side-marker-tracklight\/#primaryimage\"},\"thumbnailUrl\":\"https:\/\/www.anytrek.com\/wp-content\/uploads\/2025\/05\/VT1711\u6b63\u4fa7-scaled.png\",\"datePublished\":\"2025-05-02T12:47:18+00:00\",\"dateModified\":\"2025-08-18T15:17:06+00:00\",\"breadcrumb\":{\"@id\":\"https:\/\/www.anytrek.com\/product\/6-oval-led-side-marker-tracklight\/#breadcrumb\"},\"inLanguage\":\"fr-CA\",\"potentialAction\":[{\"@type\":\"ReadAction\",\"target\":[\"https:\/\/www.anytrek.com\/product\/6-oval-led-side-marker-tracklight\/\"]}]},{\"@type\":\"ImageObject\",\"inLanguage\":\"fr-CA\",\"@id\":\"https:\/\/www.anytrek.com\/product\/6-oval-led-side-marker-tracklight\/#primaryimage\",\"url\":\"https:\/\/www.anytrek.com\/wp-content\/uploads\/2025\/05\/VT1711\u6b63\u4fa7-scaled.png\",\"contentUrl\":\"https:\/\/www.anytrek.com\/wp-content\/uploads\/2025\/05\/VT1711\u6b63\u4fa7-scaled.png\",\"width\":2560,\"height\":2560},{\"@type\":\"BreadcrumbList\",\"@id\":\"https:\/\/www.anytrek.com\/product\/6-oval-led-side-marker-tracklight\/#breadcrumb\",\"itemListElement\":[{\"@type\":\"ListItem\",\"position\":1,\"name\":\"Home\",\"item\":\"https:\/\/www.anytrek.com\/\"},{\"@type\":\"ListItem\",\"position\":2,\"name\":\"Shop\",\"item\":\"https:\/\/www.anytrek.com\/shop\/\"},{\"@type\":\"ListItem\",\"position\":3,\"name\":\"VT1711\"}]},{\"@type\":\"WebSite\",\"@id\":\"https:\/\/www.anytrek.com\/#website\",\"url\":\"https:\/\/www.anytrek.com\/\",\"name\":\"Smart Trucking, powered by AI.\",\"description\":\"Anytrek\",\"publisher\":{\"@id\":\"https:\/\/www.anytrek.com\/#organization\"},\"potentialAction\":[{\"@type\":\"SearchAction\",\"target\":{\"@type\":\"EntryPoint\",\"urlTemplate\":\"https:\/\/www.anytrek.com\/?s={search_term_string}\"},\"query-input\":{\"@type\":\"PropertyValueSpecification\",\"valueRequired\":true,\"valueName\":\"search_term_string\"}}],\"inLanguage\":\"fr-CA\"},{\"@type\":\"Organization\",\"@id\":\"https:\/\/www.anytrek.com\/#organization\",\"name\":\"Smart Trucking, powered by AI.\",\"url\":\"https:\/\/www.anytrek.com\/\",\"logo\":{\"@type\":\"ImageObject\",\"inLanguage\":\"fr-CA\",\"@id\":\"https:\/\/www.anytrek.com\/#\/schema\/logo\/image\/\",\"url\":\"https:\/\/www.anytrek.com\/wp-content\/uploads\/2025\/04\/Logo.png\",\"contentUrl\":\"https:\/\/www.anytrek.com\/wp-content\/uploads\/2025\/04\/Logo.png\",\"width\":1375,\"height\":459,\"caption\":\"Smart Trucking, powered by AI.\"},\"image\":{\"@id\":\"https:\/\/www.anytrek.com\/#\/schema\/logo\/image\/\"}}]}<\/script>\n<!-- \/ Yoast SEO plugin. -->","yoast_head_json":{"title":"VT1711 - Smart Trucking, powered by AI.","robots":{"index":"index","follow":"follow","max-snippet":"max-snippet:-1","max-image-preview":"max-image-preview:large","max-video-preview":"max-video-preview:-1"},"canonical":"https:\/\/www.anytrek.com\/fr\/produit\/6-oval-led-side-marker-tracklight\/","og_locale":"fr_CA","og_type":"article","og_title":"VT1711 - Smart Trucking, powered by AI.","og_description":"TrackLight GPS tracker model VT1711 looks and functions exactly the same as a standard 6\u201d oval LED side lamp, providing the ultimate in covert tracking and simple installation using standard mounts. Rated at IP67, it is waterproof and shockproof and designed to function in harsh conditions on the road. Inside the lamp case is a powerful GPS module connected via a 4G\/3G modem, ensuring location updates are received reliably and accurately. The built-in Lithium-Ion battery can provide up to 90 days of location reporting with automatic notifications of changed conditions when unpowered. The TrackLight tracker is true plug and drive. Installation is as simple as replacing one of your own lights, because that\u2019s all there is to it.","og_url":"https:\/\/www.anytrek.com\/fr\/produit\/6-oval-led-side-marker-tracklight\/","og_site_name":"Smart Trucking, powered by AI.","article_modified_time":"2025-08-18T15:17:06+00:00","og_image":[{"width":1024,"height":1024,"url":"https:\/\/www.anytrek.com\/wp-content\/uploads\/2025\/05\/VT1711\u6b63\u4fa7-1024x1024.png","type":"image\/png"}],"twitter_card":"summary_large_image","twitter_misc":{"Estimation du temps de lecture":"1 minute"},"schema":{"@context":"https:\/\/schema.org","@graph":[{"@type":"WebPage","@id":"https:\/\/www.anytrek.com\/product\/6-oval-led-side-marker-tracklight\/","url":"https:\/\/www.anytrek.com\/product\/6-oval-led-side-marker-tracklight\/","name":"VT1711 - Smart Trucking, powered by AI.","isPartOf":{"@id":"https:\/\/www.anytrek.com\/#website"},"primaryImageOfPage":{"@id":"https:\/\/www.anytrek.com\/product\/6-oval-led-side-marker-tracklight\/#primaryimage"},"image":{"@id":"https:\/\/www.anytrek.com\/product\/6-oval-led-side-marker-tracklight\/#primaryimage"},"thumbnailUrl":"https:\/\/www.anytrek.com\/wp-content\/uploads\/2025\/05\/VT1711\u6b63\u4fa7-scaled.png","datePublished":"2025-05-02T12:47:18+00:00","dateModified":"2025-08-18T15:17:06+00:00","breadcrumb":{"@id":"https:\/\/www.anytrek.com\/product\/6-oval-led-side-marker-tracklight\/#breadcrumb"},"inLanguage":"fr-CA","potentialAction":[{"@type":"ReadAction","target":["https:\/\/www.anytrek.com\/product\/6-oval-led-side-marker-tracklight\/"]}]},{"@type":"ImageObject","inLanguage":"fr-CA","@id":"https:\/\/www.anytrek.com\/product\/6-oval-led-side-marker-tracklight\/#primaryimage","url":"https:\/\/www.anytrek.com\/wp-content\/uploads\/2025\/05\/VT1711\u6b63\u4fa7-scaled.png","contentUrl":"https:\/\/www.anytrek.com\/wp-content\/uploads\/2025\/05\/VT1711\u6b63\u4fa7-scaled.png","width":2560,"height":2560},{"@type":"BreadcrumbList","@id":"https:\/\/www.anytrek.com\/product\/6-oval-led-side-marker-tracklight\/#breadcrumb","itemListElement":[{"@type":"ListItem","position":1,"name":"Home","item":"https:\/\/www.anytrek.com\/"},{"@type":"ListItem","position":2,"name":"Shop","item":"https:\/\/www.anytrek.com\/shop\/"},{"@type":"ListItem","position":3,"name":"VT1711"}]},{"@type":"WebSite","@id":"https:\/\/www.anytrek.com\/#website","url":"https:\/\/www.anytrek.com\/","name":"Camionnage Intelligent, propuls\u00e9 par l'IA","description":"Anytrek","publisher":{"@id":"https:\/\/www.anytrek.com\/#organization"},"potentialAction":[{"@type":"SearchAction","target":{"@type":"EntryPoint","urlTemplate":"https:\/\/www.anytrek.com\/?s={search_term_string}"},"query-input":{"@type":"PropertyValueSpecification","valueRequired":true,"valueName":"search_term_string"}}],"inLanguage":"fr-CA"},{"@type":"Organization","@id":"https:\/\/www.anytrek.com\/#organization","name":"Camionnage Intelligent, propuls\u00e9 par l'IA","url":"https:\/\/www.anytrek.com\/","logo":{"@type":"ImageObject","inLanguage":"fr-CA","@id":"https:\/\/www.anytrek.com\/#\/schema\/logo\/image\/","url":"https:\/\/www.anytrek.com\/wp-content\/uploads\/2025\/04\/Logo.png","contentUrl":"https:\/\/www.anytrek.com\/wp-content\/uploads\/2025\/04\/Logo.png","width":1375,"height":459,"caption":"Smart Trucking, powered by AI."},"image":{"@id":"https:\/\/www.anytrek.com\/#\/schema\/logo\/image\/"}}]}},"_links":{"self":[{"href":"https:\/\/www.anytrek.com\/fr\/wp-json\/wp\/v2\/product\/3382","targetHints":{"allow":["GET"]}}],"collection":[{"href":"https:\/\/www.anytrek.com\/fr\/wp-json\/wp\/v2\/product"}],"about":[{"href":"https:\/\/www.anytrek.com\/fr\/wp-json\/wp\/v2\/types\/product"}],"wp:featuredmedia":[{"embeddable":true,"href":"https:\/\/www.anytrek.com\/fr\/wp-json\/wp\/v2\/media\/3403"}],"wp:attachment":[{"href":"https:\/\/www.anytrek.com\/fr\/wp-json\/wp\/v2\/media?parent=3382"}],"wp:term":[{"taxonomy":"product_brand","embeddable":true,"href":"https:\/\/www.anytrek.com\/fr\/wp-json\/wp\/v2\/product_brand?post=3382"},{"taxonomy":"product_cat","embeddable":true,"href":"https:\/\/www.anytrek.com\/fr\/wp-json\/wp\/v2\/product_cat?post=3382"},{"taxonomy":"product_tag","embeddable":true,"href":"https:\/\/www.anytrek.com\/fr\/wp-json\/wp\/v2\/product_tag?post=3382"}],"curies":[{"name":"wp","href":"https:\/\/api.w.org\/{rel}","templated":true}]}}