{"id":2018,"date":"2025-04-19T19:08:51","date_gmt":"2025-04-19T19:08:51","guid":{"rendered":"https:\/\/www.anytrek.com\/?page_id=2018"},"modified":"2025-05-04T20:51:05","modified_gmt":"2025-05-04T20:51:05","slug":"conditions-generales-dutilisation-pour-lutilisateur-final","status":"publish","type":"page","link":"https:\/\/www.anytrek.com\/fr\/conditions-generales-dutilisation-pour-lutilisateur-final\/","title":{"rendered":"Termes et conditions de l'utilisateur"},"content":{"rendered":"<div data-elementor-type=\"wp-page\" data-elementor-id=\"2018\" class=\"elementor elementor-2018\" data-elementor-post-type=\"page\">\n\t\t\t\t<div data-dce-background-overlay-color=\"#00000091\" data-dce-background-image-url=\"https:\/\/www.anytrek.com\/wp-content\/uploads\/2025\/04\/returnandcancellation-images-entete.jpg\" class=\"elementor-element elementor-element-4db673a e-con-full e-flex e-con e-parent\" data-id=\"4db673a\" data-element_type=\"container\" data-e-type=\"container\" data-settings=\"{&quot;background_background&quot;:&quot;classic&quot;}\">\n\t\t<div class=\"elementor-element elementor-element-8d6a068 e-con-full e-flex e-con e-child\" data-id=\"8d6a068\" data-element_type=\"container\" data-e-type=\"container\">\n\t\t<div class=\"elementor-element elementor-element-b38af2e e-con-full e-flex e-con e-child\" data-id=\"b38af2e\" data-element_type=\"container\" data-e-type=\"container\">\n\t\t\t\t<div class=\"elementor-element elementor-element-a43d3f3 elementor-widget__width-initial elementor-widget-tablet__width-initial elementor-widget-divider--view-line elementor-widget elementor-widget-divider\" data-id=\"a43d3f3\" data-element_type=\"widget\" data-e-type=\"widget\" data-widget_type=\"divider.default\">\n\t\t\t\t<div class=\"elementor-widget-container\">\n\t\t\t\t\t\t\t<div class=\"elementor-divider\">\n\t\t\t<span class=\"elementor-divider-separator\">\n\t\t\t\t\t\t<\/span>\n\t\t<\/div>\n\t\t\t\t\t\t<\/div>\n\t\t\t\t<\/div>\n\t\t\t\t<div class=\"elementor-element elementor-element-09bc9a3 elementor-widget-mobile__width-initial elementor-widget elementor-widget-heading\" data-id=\"09bc9a3\" data-element_type=\"widget\" data-e-type=\"widget\" data-widget_type=\"heading.default\">\n\t\t\t\t<div class=\"elementor-widget-container\">\n\t\t\t\t\t<h2 class=\"elementor-heading-title elementor-size-default\">Conditions g\u00e9n\u00e9rales d'utilisation<\/h2>\t\t\t\t<\/div>\n\t\t\t\t<\/div>\n\t\t\t\t<\/div>\n\t\t\t\t<\/div>\n\t\t<div class=\"elementor-element elementor-element-83ae5a5 e-flex e-con-boxed e-con e-child\" data-id=\"83ae5a5\" data-element_type=\"container\" data-e-type=\"container\" data-settings=\"{&quot;background_background&quot;:&quot;classic&quot;}\">\n\t\t\t\t\t<div class=\"e-con-inner\">\n\t\t\t\t\t<\/div>\n\t\t\t\t<\/div>\n\t\t\t\t<\/div>\n\t\t<div class=\"elementor-element elementor-element-ceb8672 e-flex e-con-boxed e-con e-parent\" data-id=\"ceb8672\" data-element_type=\"container\" data-e-type=\"container\">\n\t\t\t\t\t<div class=\"e-con-inner\">\n\t\t<div class=\"elementor-element elementor-element-3f9d4ed e-con-full e-flex e-con e-child\" data-id=\"3f9d4ed\" data-element_type=\"container\" data-e-type=\"container\">\n\t\t\t\t<div class=\"elementor-element elementor-element-4c829df elementor-widget elementor-widget-text-editor\" data-id=\"4c829df\" data-element_type=\"widget\" data-e-type=\"widget\" data-widget_type=\"text-editor.default\">\n\t\t\t\t<div class=\"elementor-widget-container\">\n\t\t\t\t\t\t\t\t\t<div class=\"story-l\"><div class=\"story-l\"><p><strong><b>ACCORD ENTRE L'UTILISATEUR ET L'ENTREPRISE<\/b><\/strong><\/p><p>Par l'interm\u00e9diaire de son site Web (www.anytrek.com et fleet.anytrek.com), Anytrek Corporation, Inc. (\u00ab Soci\u00e9t\u00e9 \u00bb) vous donne acc\u00e8s \u00e0 divers services et informations, notamment le suivi GPS des v\u00e9hicules, des informations sur les produits, des informations sur l'entreprise et d'autres informations contenues dans les pages Web du site Web de la Soci\u00e9t\u00e9 (collectivement \u00ab Contenu Web \u00bb).<\/p><p>Le Contenu Web vous est propos\u00e9 sous r\u00e9serve de votre acceptation sans modification des termes, conditions et avis contenus dans les pr\u00e9sentes. Votre utilisation du Contenu Web implique votre acceptation de l'ensemble de ces termes, conditions et avis. Les pr\u00e9sentes conditions d'utilisation s'appliquent \u00e0 votre acc\u00e8s et \u00e0 votre utilisation du Contenu Web et ne modifient en aucune fa\u00e7on les termes et conditions de tout autre accord que vous pourriez avoir avec la Soci\u00e9t\u00e9 concernant des produits, logiciels, services ou autres, sauf indication contraire de la Soci\u00e9t\u00e9.<\/p><p><strong><b>MODIFICATION DES PR\u00c9SENTES CONDITIONS D'UTILISATION<\/b><\/strong><\/p><p>La Soci\u00e9t\u00e9 se r\u00e9serve le droit de modifier les termes, conditions et avis dans lesquels le Contenu Web est propos\u00e9, y compris, mais sans s'y limiter, les frais associ\u00e9s \u00e0 l'utilisation du Contenu Web.<\/p><p><strong><b>DROITS D'AUTEUR<\/b><\/strong><\/p><p>L'ensemble du contenu Web, y compris, sans s'y limiter, les textes, images, graphiques et autres fichiers, ainsi que leur s\u00e9lection et leur disposition, sont prot\u00e9g\u00e9s par le droit d'auteur d'Anytrek Corporation, Inc. \u00a9 2015-2023, TOUS DROITS R\u00c9SERV\u00c9S, ou par le cr\u00e9ateur original du contenu. L'affichage, la copie, la distribution et le t\u00e9l\u00e9chargement du contenu prot\u00e9g\u00e9 par le droit d'auteur sont autoris\u00e9s pour un usage personnel et non commercial uniquement, \u00e0 condition de ne pas le modifier et de conserver tous les avis de droit d'auteur et autres mentions de propri\u00e9t\u00e9 qu'il contient. En revanche, vous ne pouvez distribuer, copier, reproduire, afficher, republier, t\u00e9l\u00e9charger ou transmettre tout contenu prot\u00e9g\u00e9 par le droit d'auteur \u00e0 des fins commerciales sans l'autorisation \u00e9crite pr\u00e9alable de la Soci\u00e9t\u00e9. Vous ne pouvez pas reproduire du contenu prot\u00e9g\u00e9 par le droit d'auteur sur un autre serveur sans l'autorisation \u00e9crite pr\u00e9alable de la Soci\u00e9t\u00e9.<\/p><p><strong><b>LIENS VERS DES SITES TIERS<\/b><\/strong><br \/>Le site web de la Soci\u00e9t\u00e9 peut contenir des liens vers d'autres sites web (les \u00ab\u00a0Sites Li\u00e9s\u00a0\u00bb). Ces sites ne sont pas sous le contr\u00f4le de la Soci\u00e9t\u00e9 et celle-ci d\u00e9cline toute responsabilit\u00e9 quant \u00e0 leur contenu, y compris, sans s'y limiter, tout lien contenu dans un Site Li\u00e9, ni quant \u00e0 leurs modifications ou mises \u00e0 jour. La Soci\u00e9t\u00e9 d\u00e9cline toute responsabilit\u00e9 quant aux transmissions re\u00e7ues depuis un Site Li\u00e9. La Soci\u00e9t\u00e9 vous fournit ces liens uniquement pour votre commodit\u00e9, et leur inclusion n'implique aucune approbation de la part de la Soci\u00e9t\u00e9 ni aucune association avec ses exploitants.<\/p><p><strong><b>AUCUNE UTILISATION ILL\u00c9GALE OU INTERDITE<\/b><\/strong><\/p><p>En tant que condition d'utilisation du Contenu Web, vous acceptez de ne pas l'utiliser \u00e0 des fins ill\u00e9gales, inappropri\u00e9es ou interdites par les pr\u00e9sentes conditions g\u00e9n\u00e9rales et mentions l\u00e9gales. Vous ne pouvez pas utiliser le Contenu Web d'une mani\u00e8re susceptible de l'endommager, de le d\u00e9sactiver, de le surcharger ou de le d\u00e9grader, ni d'interf\u00e9rer avec l'utilisation et la jouissance du Contenu Web par un tiers. Vous ne pouvez pas obtenir ou tenter d'obtenir des documents ou des informations par des moyens non intentionnellement mis \u00e0 disposition ou fournis par le Contenu Web. Vous ne pouvez pas tenter d'acc\u00e9der aux serveurs ou r\u00e9seaux de la Soci\u00e9t\u00e9 par piratage informatique ou par tout autre moyen. Vous vous engagez \u00e0 ne pas utiliser de robot, d'araign\u00e9e, d'autre dispositif automatique ou de processus manuel pour \u00ab\u00a0capturer\u00a0\u00bb des donn\u00e9es d'\u00e9cran, surveiller, \u00ab\u00a0exploiter\u00a0\u00bb ou copier le Contenu Web sans l'autorisation pr\u00e9alable, expresse et \u00e9crite de la Soci\u00e9t\u00e9. Vous vous engagez \u00e0 ne pas utiliser le Contenu Web \u00e0 des fins commerciales sans le consentement pr\u00e9alable de la Soci\u00e9t\u00e9.<\/p><\/div><\/div>\t\t\t\t\t\t\t\t<\/div>\n\t\t\t\t<\/div>\n\t\t\t\t<\/div>\n\t\t<div class=\"elementor-element elementor-element-0058537 e-con-full e-flex e-con e-child\" data-id=\"0058537\" data-element_type=\"container\" data-e-type=\"container\">\n\t\t\t\t<div class=\"elementor-element elementor-element-55011e0 elementor-widget elementor-widget-text-editor\" data-id=\"55011e0\" data-element_type=\"widget\" data-e-type=\"widget\" data-widget_type=\"text-editor.default\">\n\t\t\t\t<div class=\"elementor-widget-container\">\n\t\t\t\t\t\t\t\t\t<div class=\"story-r\"><div class=\"story-r\"><p><strong><b>CONTENU WEB LIMIT\u00c9 PAR IDENTIFIANT D'UTILISATEUR ET MOT DE PASSE<\/b><\/strong><\/p><p>Si l'acc\u00e8s \u00e0 un Contenu Web n\u00e9cessite un identifiant et un mot de passe (\u00ab Contenu Web Restreint \u00bb), vous devez accepter le Contrat d'Abonnement ou le Contrat Marketing Principal associ\u00e9 \u00e0 ce Contenu Web Restreint avant d'y acc\u00e9der. En acc\u00e9dant \u00e0 ce Contenu Web Restreint, vous acceptez les termes du Contrat d'Abonnement et\/ou du Contrat Marketing Principal associ\u00e9s \u00e0 ce Contenu Web Restreint. Vous \u00eates responsable de la confidentialit\u00e9 de votre identifiant et de votre mot de passe, ainsi que de toute activit\u00e9 effectu\u00e9e sous votre identifiant. Vous ne pouvez pas utiliser l'identifiant et le mot de passe d'une autre personne.<\/p><p><strong><b>EXCLUSION DE RESPONSABILIT\u00c9<\/b><\/strong><\/p><p>LE CONTENU WEB PEUT CONTENIR DES INEXACTITUDES OU DES ERREURS TYPOGRAPHIQUES. DES MODIFICATIONS SONT P\u00c9RIODIQUEMENT APPORT\u00c9ES AUX INFORMATIONS CONTENUES DANS CE TICKET. LA SOCI\u00c9T\u00c9 ET\/OU SES FOURNISSEURS PEUVENT APPORTER DES AM\u00c9LIORATIONS ET\/OU DES MODIFICATIONS AU CONTENU WEB \u00c0 TOUT MOMENT. L'ENSEMBLE DU CONTENU WEB EST FOURNI \u00ab\u00a0EN L'\u00c9TAT\u00a0\u00bb, SANS GARANTIE NI CONDITION D'AUCUNE SORTE. LA SOCI\u00c9T\u00c9 ET\/OU SES FOURNISSEURS D\u00c9CLINENT PAR LA PR\u00c9SENTE TOUTE GARANTIE ET \u200b\u200bCONDITION CONCERNANT LE CONTENU WEB, Y COMPRIS TOUTE GARANTIE OU CONDITION IMPLICITE DE QUALIT\u00c9 MARCHANDE, D'AD\u00c9QUATION \u00c0 UN USAGE PARTICULIER, DE TITRE ET DE NON-CONTREFA\u00c7ON.<\/p><p>DANS LA MESURE MAXIMALE PERMISE PAR LA LOI APPLICABLE, EN AUCUN CAS LA SOCI\u00c9T\u00c9 ET\/OU SES FOURNISSEURS NE SERONT RESPONSABLES DE TOUT DOMMAGE DIRECT, INDIRECT, PUNITIF, ACCESSOIRE, SP\u00c9CIAL, CONS\u00c9CUTIF OU DE TOUT DOMMAGE QUEL QU'IL SOIT, Y COMPRIS, SANS LIMITATION, LES DOMMAGES POUR PERTE D'UTILISATION, DE DONN\u00c9ES OU DE PROFITS, D\u00c9COULANT DE OU LI\u00c9S DE QUELQUE MANI\u00c8RE QUE CE SOIT \u00c0 L'UTILISATION OU \u00c0 LA PERFORMANCE DU CONTENU WEB, AU RETARD OU \u00c0 L'INCAPACIT\u00c9 D'UTILISER LE CONTENU WEB, \u00c0 LA FOURNITURE OU AU D\u00c9FAUT DE FOURNITURE DE CONTENU WEB, QUE CE SOIT SUR LA BASE D'UN CONTRAT, D'UN D\u00c9LIT, D'UNE N\u00c9GLIGENCE, D'UNE RESPONSABILIT\u00c9 STRICTE OU AUTRE, M\u00caME SI LA SOCI\u00c9T\u00c9 OU L'UN DE SES FOURNISSEURS A \u00c9T\u00c9 AVIS\u00c9 DE LA POSSIBILIT\u00c9 DE DOMMAGES. CERTAINS \u00c9TATS\/JURIDICTIONS N'AUTORISANT PAS L'EXCLUSION OU LA LIMITATION DE RESPONSABILIT\u00c9 POUR LES DOMMAGES INDIRECTS OU ACCESSOIRES, LA LIMITATION CI-DESSUS PEUT NE PAS S'APPLIQUER \u00c0 VOUS. SI VOUS N'\u00caTES PAS SATISFAIT DU CONTENU DU SITE WEB OU DES PR\u00c9SENTES CONDITIONS D'UTILISATION, VOTRE SEUL ET UNIQUE RECOURS CONSISTE \u00c0 CESSER D'UTILISER LE SITE WEB DE LA SOCI\u00c9T\u00c9.<\/p><p><strong><b>R\u00c9SILIATION\/RESTRICTION D'ACC\u00c8S<\/b><\/strong><\/p><p>La Soci\u00e9t\u00e9 se r\u00e9serve le droit, \u00e0 sa seule discr\u00e9tion, de mettre fin \u00e0 votre acc\u00e8s au Contenu Web ou \u00e0 toute partie de celui-ci \u00e0 tout moment, sans pr\u00e9avis.<\/p><p><strong><b>G\u00c9N\u00c9RAL<\/b><\/strong><\/p><p>Dans la mesure maximale permise par la loi, cet accord est r\u00e9gi par les lois de l'\u00c9tat de Californie, \u00c9tats-Unis, et vous consentez par la pr\u00e9sente \u00e0 la juridiction exclusive et au lieu des tribunaux du comt\u00e9 de San Bernardino, Californie, \u00c9tats-Unis, dans tous les litiges d\u00e9coulant de ou li\u00e9s \u00e0 l'utilisation du contenu Web.<\/p><p>Vous acceptez qu'aucune relation de coentreprise, de partenariat, d'emploi ou d'agence n'existe entre vous et la Soci\u00e9t\u00e9 en raison de cet accord ou de l'acc\u00e8s ou de l'utilisation du Contenu Web.<\/p><p>Si une partie quelconque du pr\u00e9sent accord est jug\u00e9e invalide ou inapplicable en vertu de la loi applicable, y compris, mais sans s'y limiter, les exclusions de garantie et les limitations de responsabilit\u00e9 \u00e9nonc\u00e9es ci-dessus, alors la disposition invalide ou inapplicable sera r\u00e9put\u00e9e remplac\u00e9e par une disposition valide et applicable qui correspond le plus \u00e9troitement \u00e0 l'intention de la disposition originale et le reste de l'accord restera en vigueur.<\/p><\/div><\/div>\t\t\t\t\t\t\t\t<\/div>\n\t\t\t\t<\/div>\n\t\t\t\t<\/div>\n\t\t\t\t\t<\/div>\n\t\t\t\t<\/div>\n\t\t\t\t<\/div>","protected":false},"excerpt":{"rendered":"<p>End User Terms and Conditions AGREEMENT BETWEEN USER AND COMPANY Through its Web Site(www.anytrek.com and fleet.anytrek.com)\u00a0Anytrek Corporation, Inc. (\u201cCompany\u201d) provides you with access to various services and information, including GPS tracking of vehicles, product information, company information, and other information contained within the web pages of the Company Web Site (collectively \u201cWeb Content\u201d). The Web [&hellip;]<\/p>\n","protected":false},"author":1,"featured_media":0,"parent":0,"menu_order":0,"comment_status":"closed","ping_status":"closed","template":"","meta":{"_acf_changed":false,"footnotes":""},"class_list":["post-2018","page","type-page","status-publish","hentry"],"blocksy_meta":{"has_hero_section":"disabled","styles_descriptor":{"styles":{"desktop":"","tablet":"","mobile":""},"google_fonts":[],"version":6},"vertical_spacing_source":"custom","content_area_spacing":"none"},"acf":[],"yoast_head":"<!-- This site is optimized with the Yoast SEO plugin v27.1.1 - https:\/\/yoast.com\/product\/yoast-seo-wordpress\/ -->\n<title>End User Terms and Conditions - Smart Trucking, powered by AI.<\/title>\n<meta name=\"robots\" content=\"index, follow, max-snippet:-1, max-image-preview:large, max-video-preview:-1\" \/>\n<link rel=\"canonical\" href=\"https:\/\/www.anytrek.com\/fr\/conditions-generales-dutilisation-pour-lutilisateur-final\/\" \/>\n<meta property=\"og:locale\" content=\"fr_CA\" \/>\n<meta property=\"og:type\" content=\"article\" \/>\n<meta property=\"og:title\" content=\"End User Terms and Conditions - Smart Trucking, powered by AI.\" \/>\n<meta property=\"og:description\" content=\"End User Terms and Conditions AGREEMENT BETWEEN USER AND COMPANY Through its Web Site(www.anytrek.com and fleet.anytrek.com)\u00a0Anytrek Corporation, Inc. (\u201cCompany\u201d) provides you with access to various services and information, including GPS tracking of vehicles, product information, company information, and other information contained within the web pages of the Company Web Site (collectively \u201cWeb Content\u201d). The Web [&hellip;]\" \/>\n<meta property=\"og:url\" content=\"https:\/\/www.anytrek.com\/fr\/conditions-generales-dutilisation-pour-lutilisateur-final\/\" \/>\n<meta property=\"og:site_name\" content=\"Smart Trucking, powered by AI.\" \/>\n<meta property=\"article:modified_time\" content=\"2025-05-04T20:51:05+00:00\" \/>\n<meta name=\"twitter:card\" content=\"summary_large_image\" \/>\n<meta name=\"twitter:label1\" content=\"Estimation du temps de lecture\" \/>\n\t<meta name=\"twitter:data1\" content=\"6 minutes\" \/>\n<script type=\"application\/ld+json\" class=\"yoast-schema-graph\">{\"@context\":\"https:\/\/schema.org\",\"@graph\":[{\"@type\":\"WebPage\",\"@id\":\"https:\/\/www.anytrek.com\/end-user-terms-and-conditions\/\",\"url\":\"https:\/\/www.anytrek.com\/end-user-terms-and-conditions\/\",\"name\":\"End User Terms and Conditions - Smart Trucking, powered by AI.\",\"isPartOf\":{\"@id\":\"https:\/\/www.anytrek.com\/#website\"},\"datePublished\":\"2025-04-19T19:08:51+00:00\",\"dateModified\":\"2025-05-04T20:51:05+00:00\",\"breadcrumb\":{\"@id\":\"https:\/\/www.anytrek.com\/end-user-terms-and-conditions\/#breadcrumb\"},\"inLanguage\":\"fr-CA\",\"potentialAction\":[{\"@type\":\"ReadAction\",\"target\":[\"https:\/\/www.anytrek.com\/end-user-terms-and-conditions\/\"]}]},{\"@type\":\"BreadcrumbList\",\"@id\":\"https:\/\/www.anytrek.com\/end-user-terms-and-conditions\/#breadcrumb\",\"itemListElement\":[{\"@type\":\"ListItem\",\"position\":1,\"name\":\"Home\",\"item\":\"https:\/\/www.anytrek.com\/\"},{\"@type\":\"ListItem\",\"position\":2,\"name\":\"End User Terms and Conditions\"}]},{\"@type\":\"WebSite\",\"@id\":\"https:\/\/www.anytrek.com\/#website\",\"url\":\"https:\/\/www.anytrek.com\/\",\"name\":\"Smart Trucking, powered by AI.\",\"description\":\"Anytrek\",\"publisher\":{\"@id\":\"https:\/\/www.anytrek.com\/#organization\"},\"potentialAction\":[{\"@type\":\"SearchAction\",\"target\":{\"@type\":\"EntryPoint\",\"urlTemplate\":\"https:\/\/www.anytrek.com\/?s={search_term_string}\"},\"query-input\":{\"@type\":\"PropertyValueSpecification\",\"valueRequired\":true,\"valueName\":\"search_term_string\"}}],\"inLanguage\":\"fr-CA\"},{\"@type\":\"Organization\",\"@id\":\"https:\/\/www.anytrek.com\/#organization\",\"name\":\"Smart Trucking, powered by AI.\",\"url\":\"https:\/\/www.anytrek.com\/\",\"logo\":{\"@type\":\"ImageObject\",\"inLanguage\":\"fr-CA\",\"@id\":\"https:\/\/www.anytrek.com\/#\/schema\/logo\/image\/\",\"url\":\"https:\/\/www.anytrek.com\/wp-content\/uploads\/2025\/04\/Logo.png\",\"contentUrl\":\"https:\/\/www.anytrek.com\/wp-content\/uploads\/2025\/04\/Logo.png\",\"width\":1375,\"height\":459,\"caption\":\"Smart Trucking, powered by AI.\"},\"image\":{\"@id\":\"https:\/\/www.anytrek.com\/#\/schema\/logo\/image\/\"}}]}<\/script>\n<!-- \/ Yoast SEO plugin. -->","yoast_head_json":{"title":"Conditions g\u00e9n\u00e9rales d\u2019utilisation pour l\u2019utilisateur final - Camionnage Intelligent, propuls\u00e9 par l\u2019IA","robots":{"index":"index","follow":"follow","max-snippet":"max-snippet:-1","max-image-preview":"max-image-preview:large","max-video-preview":"max-video-preview:-1"},"canonical":"https:\/\/www.anytrek.com\/fr\/conditions-generales-dutilisation-pour-lutilisateur-final\/","og_locale":"fr_CA","og_type":"article","og_title":"End User Terms and Conditions - Smart Trucking, powered by AI.","og_description":"End User Terms and Conditions AGREEMENT BETWEEN USER AND COMPANY Through its Web Site(www.anytrek.com and fleet.anytrek.com)\u00a0Anytrek Corporation, Inc. (\u201cCompany\u201d) provides you with access to various services and information, including GPS tracking of vehicles, product information, company information, and other information contained within the web pages of the Company Web Site (collectively \u201cWeb Content\u201d). The Web [&hellip;]","og_url":"https:\/\/www.anytrek.com\/fr\/conditions-generales-dutilisation-pour-lutilisateur-final\/","og_site_name":"Smart Trucking, powered by AI.","article_modified_time":"2025-05-04T20:51:05+00:00","twitter_card":"summary_large_image","twitter_misc":{"Estimation du temps de lecture":"6 minutes"},"schema":{"@context":"https:\/\/schema.org","@graph":[{"@type":"WebPage","@id":"https:\/\/www.anytrek.com\/end-user-terms-and-conditions\/","url":"https:\/\/www.anytrek.com\/end-user-terms-and-conditions\/","name":"Conditions g\u00e9n\u00e9rales d\u2019utilisation pour l\u2019utilisateur final - Camionnage Intelligent, propuls\u00e9 par l\u2019IA","isPartOf":{"@id":"https:\/\/www.anytrek.com\/#website"},"datePublished":"2025-04-19T19:08:51+00:00","dateModified":"2025-05-04T20:51:05+00:00","breadcrumb":{"@id":"https:\/\/www.anytrek.com\/end-user-terms-and-conditions\/#breadcrumb"},"inLanguage":"fr-CA","potentialAction":[{"@type":"ReadAction","target":["https:\/\/www.anytrek.com\/end-user-terms-and-conditions\/"]}]},{"@type":"BreadcrumbList","@id":"https:\/\/www.anytrek.com\/end-user-terms-and-conditions\/#breadcrumb","itemListElement":[{"@type":"ListItem","position":1,"name":"Home","item":"https:\/\/www.anytrek.com\/"},{"@type":"ListItem","position":2,"name":"End User Terms and Conditions"}]},{"@type":"WebSite","@id":"https:\/\/www.anytrek.com\/#website","url":"https:\/\/www.anytrek.com\/","name":"Camionnage Intelligent, propuls\u00e9 par l'IA","description":"Anytrek","publisher":{"@id":"https:\/\/www.anytrek.com\/#organization"},"potentialAction":[{"@type":"SearchAction","target":{"@type":"EntryPoint","urlTemplate":"https:\/\/www.anytrek.com\/?s={search_term_string}"},"query-input":{"@type":"PropertyValueSpecification","valueRequired":true,"valueName":"search_term_string"}}],"inLanguage":"fr-CA"},{"@type":"Organization","@id":"https:\/\/www.anytrek.com\/#organization","name":"Camionnage Intelligent, propuls\u00e9 par l'IA","url":"https:\/\/www.anytrek.com\/","logo":{"@type":"ImageObject","inLanguage":"fr-CA","@id":"https:\/\/www.anytrek.com\/#\/schema\/logo\/image\/","url":"https:\/\/www.anytrek.com\/wp-content\/uploads\/2025\/04\/Logo.png","contentUrl":"https:\/\/www.anytrek.com\/wp-content\/uploads\/2025\/04\/Logo.png","width":1375,"height":459,"caption":"Smart Trucking, powered by AI."},"image":{"@id":"https:\/\/www.anytrek.com\/#\/schema\/logo\/image\/"}}]}},"_links":{"self":[{"href":"https:\/\/www.anytrek.com\/fr\/wp-json\/wp\/v2\/pages\/2018","targetHints":{"allow":["GET"]}}],"collection":[{"href":"https:\/\/www.anytrek.com\/fr\/wp-json\/wp\/v2\/pages"}],"about":[{"href":"https:\/\/www.anytrek.com\/fr\/wp-json\/wp\/v2\/types\/page"}],"author":[{"embeddable":true,"href":"https:\/\/www.anytrek.com\/fr\/wp-json\/wp\/v2\/users\/1"}],"replies":[{"embeddable":true,"href":"https:\/\/www.anytrek.com\/fr\/wp-json\/wp\/v2\/comments?post=2018"}],"version-history":[{"count":10,"href":"https:\/\/www.anytrek.com\/fr\/wp-json\/wp\/v2\/pages\/2018\/revisions"}],"predecessor-version":[{"id":5360,"href":"https:\/\/www.anytrek.com\/fr\/wp-json\/wp\/v2\/pages\/2018\/revisions\/5360"}],"wp:attachment":[{"href":"https:\/\/www.anytrek.com\/fr\/wp-json\/wp\/v2\/media?parent=2018"}],"curies":[{"name":"wp","href":"https:\/\/api.w.org\/{rel}","templated":true}]}}