{"id":2011,"date":"2025-04-19T19:07:25","date_gmt":"2025-04-19T19:07:25","guid":{"rendered":"https:\/\/www.anytrek.com\/?page_id=2011"},"modified":"2025-12-15T01:45:06","modified_gmt":"2025-12-15T01:45:06","slug":"politique-de-confidentialite","status":"publish","type":"page","link":"https:\/\/www.anytrek.com\/fr\/politique-de-confidentialite\/","title":{"rendered":"Politique de confidentialit\u00e9"},"content":{"rendered":"<div data-elementor-type=\"wp-page\" data-elementor-id=\"2011\" class=\"elementor elementor-2011\" data-elementor-post-type=\"page\">\n\t\t\t\t<div data-dce-background-overlay-color=\"#05050578\" data-dce-background-image-url=\"https:\/\/www.anytrek.com\/wp-content\/uploads\/2025\/04\/returnandcancellation-images-entete.jpg\" class=\"elementor-element elementor-element-148da7c e-con-full e-flex e-con e-parent\" data-id=\"148da7c\" data-element_type=\"container\" data-e-type=\"container\" data-settings=\"{&quot;background_background&quot;:&quot;classic&quot;}\">\n\t\t\t\t<div class=\"elementor-element elementor-element-c816b19 elementor-widget__width-initial elementor-widget-tablet__width-initial elementor-widget-divider--view-line elementor-widget elementor-widget-divider\" data-id=\"c816b19\" data-element_type=\"widget\" data-e-type=\"widget\" data-widget_type=\"divider.default\">\n\t\t\t\t<div class=\"elementor-widget-container\">\n\t\t\t\t\t\t\t<div class=\"elementor-divider\">\n\t\t\t<span class=\"elementor-divider-separator\">\n\t\t\t\t\t\t<\/span>\n\t\t<\/div>\n\t\t\t\t\t\t<\/div>\n\t\t\t\t<\/div>\n\t\t\t\t<div class=\"elementor-element elementor-element-3ac45cc elementor-widget__width-inherit elementor-widget-mobile__width-initial elementor-widget elementor-widget-heading\" data-id=\"3ac45cc\" data-element_type=\"widget\" data-e-type=\"widget\" data-widget_type=\"heading.default\">\n\t\t\t\t<div class=\"elementor-widget-container\">\n\t\t\t\t\t<h2 class=\"elementor-heading-title elementor-size-default\">Politique de confidentialit\u00e9<\/h2>\t\t\t\t<\/div>\n\t\t\t\t<\/div>\n\t\t\t\t<\/div>\n\t\t<div class=\"elementor-element elementor-element-ceb8672 e-flex e-con-boxed e-con e-parent\" data-id=\"ceb8672\" data-element_type=\"container\" data-e-type=\"container\">\n\t\t\t\t\t<div class=\"e-con-inner\">\n\t\t<div class=\"elementor-element elementor-element-3f9d4ed e-con-full e-flex e-con e-child\" data-id=\"3f9d4ed\" data-element_type=\"container\" data-e-type=\"container\">\n\t\t\t\t<div class=\"elementor-element elementor-element-4c829df elementor-widget elementor-widget-text-editor\" data-id=\"4c829df\" data-element_type=\"widget\" data-e-type=\"widget\" data-widget_type=\"text-editor.default\">\n\t\t\t\t<div class=\"elementor-widget-container\">\n\t\t\t\t\t\t\t\t\t<div class=\"story-l\"><p>Anytrek met ce site \u00e0 votre disposition \u00e0 titre informatif. Nous nous engageons \u00e0 respecter votre vie priv\u00e9e lors de votre utilisation de ce site.<\/p><p>Anytrek peut r\u00e9cup\u00e9rer des informations personnelles collect\u00e9es sur ce site, soit directement (par exemple, si vous remplissez un formulaire en ligne), soit indirectement (\u00e0 l'aide de diverses technologies web telles que les cookies). Aucun des produits de suivi d'Anytrek ne collecte d'informations personnelles.<\/p><p>Les informations collect\u00e9es directement seront conserv\u00e9es uniquement le temps n\u00e9cessaire \u00e0 la r\u00e9alisation des finalit\u00e9s pour lesquelles elles ont \u00e9t\u00e9 collect\u00e9es ou conform\u00e9ment \u00e0 la loi. Nous ne communiquons pas d'informations personnelles \u00e0 des tiers, sauf si cela est n\u00e9cessaire \u00e0 l'exercice de nos activit\u00e9s ou si la loi l'exige. Si des informations doivent \u00eatre partag\u00e9es avec un tiers, nous vous demanderons votre autorisation avant de les transf\u00e9rer. Nous ne vendrons jamais vos informations personnelles.<\/p><p>Des informations indirectes peuvent \u00eatre collect\u00e9es gr\u00e2ce \u00e0 l'utilisation de cookies. Les cookies sont de petits fichiers texte d\u00e9pos\u00e9s sur votre ordinateur lors de votre premi\u00e8re visite sur le site web. La plupart des navigateurs reconnaissent d\u00e9sormais l'installation d'un cookie et offrent la possibilit\u00e9 de le refuser ou de l'accepter. Les cookies servent principalement \u00e0 am\u00e9liorer et personnaliser votre exp\u00e9rience en ligne sur le site web d'Anytrek et ne sont pas utilis\u00e9s pour suivre les habitudes de navigation des visiteurs, sauf autorisation pr\u00e9alable de votre part. Nous utilisons g\u00e9n\u00e9ralement les informations recueillies par ces m\u00e9thodes \u00e0 des fins statistiques.<\/p><\/div>\t\t\t\t\t\t\t\t<\/div>\n\t\t\t\t<\/div>\n\t\t\t\t<\/div>\n\t\t<div class=\"elementor-element elementor-element-0058537 e-con-full e-flex e-con e-child\" data-id=\"0058537\" data-element_type=\"container\" data-e-type=\"container\">\n\t\t\t\t<div class=\"elementor-element elementor-element-55011e0 elementor-widget elementor-widget-text-editor\" data-id=\"55011e0\" data-element_type=\"widget\" data-e-type=\"widget\" data-widget_type=\"text-editor.default\">\n\t\t\t\t<div class=\"elementor-widget-container\">\n\t\t\t\t\t\t\t\t\t<div class=\"story-r\"><p>Anytrek reconna\u00eet les signaux de Contr\u00f4le mondial de la confidentialit\u00e9 (GPC) comme une demande valide visant \u00e0 refuser la vente ou le partage de renseignements personnels, conform\u00e9ment aux lois am\u00e9ricaines applicables en mati\u00e8re de protection de la vie priv\u00e9e, y compris la California Consumer Privacy Act (CCPA), telle que modifi\u00e9e.\nSi votre navigateur ou appareil envoie un signal GPC, nous traiterons ce signal comme une demande de refus de vente ou de partage des informations personnelles pour ce navigateur ou appareil, et aucune action suppl\u00e9mentaire de votre part n'est requise.<\/p><p>Vous avez le droit de savoir si nous d\u00e9tenons des informations vous concernant et, le cas \u00e9ch\u00e9ant, d'y acc\u00e9der et d'exiger leur rectification si elles sont inexactes. Pour ce faire, contactez Anytrek Corp au +1 (877) 269-8735.<\/p><p>Anytrek Corp prend les mesures appropri\u00e9es pour assurer la s\u00e9curit\u00e9 de vos donn\u00e9es sur ce site web. En acc\u00e9dant \u00e0 ce site web, vous comprenez que, du fait de la nature ouverte d'Internet, les donn\u00e9es peuvent circuler sur les r\u00e9seaux sans mesures de s\u00e9curit\u00e9 et \u00eatre consult\u00e9es et utilis\u00e9es par des personnes autres que celles auxquelles elles sont destin\u00e9es.<\/p><p>Le contenu de ces d\u00e9clarations est sujet \u00e0 changement et n'est pas destin\u00e9 \u00e0 cr\u00e9er un contrat entre Anytrek Corp et toute personne qui visite le site ou nous fournit ses informations personnelles.<\/p><\/div>\t\t\t\t\t\t\t\t<\/div>\n\t\t\t\t<\/div>\n\t\t\t\t<\/div>\n\t\t\t\t\t<\/div>\n\t\t\t\t<\/div>\n\t\t\t\t<\/div>","protected":false},"excerpt":{"rendered":"<p>Privacy Policy Anytrek provides this site for informational purposes. We are committed to maintaining your privacy while using this site. Anytrek may retrieve personal information gathered on this site either by you directly (for example, if you fill out an online form) or indirectly (using various web technologies such as cookies). None of Anytrek\u2019s tracking [&hellip;]<\/p>\n","protected":false},"author":1,"featured_media":0,"parent":0,"menu_order":0,"comment_status":"closed","ping_status":"closed","template":"","meta":{"_acf_changed":false,"footnotes":""},"class_list":["post-2011","page","type-page","status-publish","hentry"],"blocksy_meta":{"has_hero_section":"disabled","styles_descriptor":{"styles":{"desktop":"","tablet":"","mobile":""},"google_fonts":[],"version":6},"vertical_spacing_source":"custom","content_area_spacing":"none"},"acf":[],"yoast_head":"<!-- This site is optimized with the Yoast SEO plugin v27.1.1 - https:\/\/yoast.com\/product\/yoast-seo-wordpress\/ -->\n<title>Privacy Policy - Smart Trucking, powered by AI.<\/title>\n<meta name=\"robots\" content=\"index, follow, max-snippet:-1, max-image-preview:large, max-video-preview:-1\" \/>\n<link rel=\"canonical\" href=\"https:\/\/www.anytrek.com\/fr\/politique-de-confidentialite\/\" \/>\n<meta property=\"og:locale\" content=\"fr_CA\" \/>\n<meta property=\"og:type\" content=\"article\" \/>\n<meta property=\"og:title\" content=\"Privacy Policy - Smart Trucking, powered by AI.\" \/>\n<meta property=\"og:description\" content=\"Privacy Policy Anytrek provides this site for informational purposes. We are committed to maintaining your privacy while using this site. Anytrek may retrieve personal information gathered on this site either by you directly (for example, if you fill out an online form) or indirectly (using various web technologies such as cookies). None of Anytrek\u2019s tracking [&hellip;]\" \/>\n<meta property=\"og:url\" content=\"https:\/\/www.anytrek.com\/fr\/politique-de-confidentialite\/\" \/>\n<meta property=\"og:site_name\" content=\"Smart Trucking, powered by AI.\" \/>\n<meta property=\"article:modified_time\" content=\"2025-12-15T01:45:06+00:00\" \/>\n<meta name=\"twitter:card\" content=\"summary_large_image\" \/>\n<meta name=\"twitter:label1\" content=\"Estimation du temps de lecture\" \/>\n\t<meta name=\"twitter:data1\" content=\"2 minutes\" \/>\n<script type=\"application\/ld+json\" class=\"yoast-schema-graph\">{\"@context\":\"https:\/\/schema.org\",\"@graph\":[{\"@type\":\"WebPage\",\"@id\":\"https:\/\/www.anytrek.com\/privacy-policy\/\",\"url\":\"https:\/\/www.anytrek.com\/privacy-policy\/\",\"name\":\"Privacy Policy - Smart Trucking, powered by AI.\",\"isPartOf\":{\"@id\":\"https:\/\/www.anytrek.com\/#website\"},\"datePublished\":\"2025-04-19T19:07:25+00:00\",\"dateModified\":\"2025-12-15T01:45:06+00:00\",\"breadcrumb\":{\"@id\":\"https:\/\/www.anytrek.com\/privacy-policy\/#breadcrumb\"},\"inLanguage\":\"fr-CA\",\"potentialAction\":[{\"@type\":\"ReadAction\",\"target\":[\"https:\/\/www.anytrek.com\/privacy-policy\/\"]}]},{\"@type\":\"BreadcrumbList\",\"@id\":\"https:\/\/www.anytrek.com\/privacy-policy\/#breadcrumb\",\"itemListElement\":[{\"@type\":\"ListItem\",\"position\":1,\"name\":\"Home\",\"item\":\"https:\/\/www.anytrek.com\/\"},{\"@type\":\"ListItem\",\"position\":2,\"name\":\"Privacy Policy\"}]},{\"@type\":\"WebSite\",\"@id\":\"https:\/\/www.anytrek.com\/#website\",\"url\":\"https:\/\/www.anytrek.com\/\",\"name\":\"Smart Trucking, powered by AI.\",\"description\":\"Anytrek\",\"publisher\":{\"@id\":\"https:\/\/www.anytrek.com\/#organization\"},\"potentialAction\":[{\"@type\":\"SearchAction\",\"target\":{\"@type\":\"EntryPoint\",\"urlTemplate\":\"https:\/\/www.anytrek.com\/?s={search_term_string}\"},\"query-input\":{\"@type\":\"PropertyValueSpecification\",\"valueRequired\":true,\"valueName\":\"search_term_string\"}}],\"inLanguage\":\"fr-CA\"},{\"@type\":\"Organization\",\"@id\":\"https:\/\/www.anytrek.com\/#organization\",\"name\":\"Smart Trucking, powered by AI.\",\"url\":\"https:\/\/www.anytrek.com\/\",\"logo\":{\"@type\":\"ImageObject\",\"inLanguage\":\"fr-CA\",\"@id\":\"https:\/\/www.anytrek.com\/#\/schema\/logo\/image\/\",\"url\":\"https:\/\/www.anytrek.com\/wp-content\/uploads\/2025\/04\/Logo.png\",\"contentUrl\":\"https:\/\/www.anytrek.com\/wp-content\/uploads\/2025\/04\/Logo.png\",\"width\":1375,\"height\":459,\"caption\":\"Smart Trucking, powered by AI.\"},\"image\":{\"@id\":\"https:\/\/www.anytrek.com\/#\/schema\/logo\/image\/\"}}]}<\/script>\n<!-- \/ Yoast SEO plugin. -->","yoast_head_json":{"title":"Politique de confidentialit\u00e9 - Camionnage Intelligent, propuls\u00e9 par l\u2019IA","robots":{"index":"index","follow":"follow","max-snippet":"max-snippet:-1","max-image-preview":"max-image-preview:large","max-video-preview":"max-video-preview:-1"},"canonical":"https:\/\/www.anytrek.com\/fr\/politique-de-confidentialite\/","og_locale":"fr_CA","og_type":"article","og_title":"Privacy Policy - Smart Trucking, powered by AI.","og_description":"Privacy Policy Anytrek provides this site for informational purposes. We are committed to maintaining your privacy while using this site. Anytrek may retrieve personal information gathered on this site either by you directly (for example, if you fill out an online form) or indirectly (using various web technologies such as cookies). None of Anytrek\u2019s tracking [&hellip;]","og_url":"https:\/\/www.anytrek.com\/fr\/politique-de-confidentialite\/","og_site_name":"Smart Trucking, powered by AI.","article_modified_time":"2025-12-15T01:45:06+00:00","twitter_card":"summary_large_image","twitter_misc":{"Estimation du temps de lecture":"2 minutes"},"schema":{"@context":"https:\/\/schema.org","@graph":[{"@type":"WebPage","@id":"https:\/\/www.anytrek.com\/privacy-policy\/","url":"https:\/\/www.anytrek.com\/privacy-policy\/","name":"Politique de confidentialit\u00e9 - Camionnage Intelligent, propuls\u00e9 par l\u2019IA","isPartOf":{"@id":"https:\/\/www.anytrek.com\/#website"},"datePublished":"2025-04-19T19:07:25+00:00","dateModified":"2025-12-15T01:45:06+00:00","breadcrumb":{"@id":"https:\/\/www.anytrek.com\/privacy-policy\/#breadcrumb"},"inLanguage":"fr-CA","potentialAction":[{"@type":"ReadAction","target":["https:\/\/www.anytrek.com\/privacy-policy\/"]}]},{"@type":"BreadcrumbList","@id":"https:\/\/www.anytrek.com\/privacy-policy\/#breadcrumb","itemListElement":[{"@type":"ListItem","position":1,"name":"Home","item":"https:\/\/www.anytrek.com\/"},{"@type":"ListItem","position":2,"name":"Privacy Policy"}]},{"@type":"WebSite","@id":"https:\/\/www.anytrek.com\/#website","url":"https:\/\/www.anytrek.com\/","name":"Camionnage Intelligent, propuls\u00e9 par l'IA","description":"Anytrek","publisher":{"@id":"https:\/\/www.anytrek.com\/#organization"},"potentialAction":[{"@type":"SearchAction","target":{"@type":"EntryPoint","urlTemplate":"https:\/\/www.anytrek.com\/?s={search_term_string}"},"query-input":{"@type":"PropertyValueSpecification","valueRequired":true,"valueName":"search_term_string"}}],"inLanguage":"fr-CA"},{"@type":"Organization","@id":"https:\/\/www.anytrek.com\/#organization","name":"Camionnage Intelligent, propuls\u00e9 par l'IA","url":"https:\/\/www.anytrek.com\/","logo":{"@type":"ImageObject","inLanguage":"fr-CA","@id":"https:\/\/www.anytrek.com\/#\/schema\/logo\/image\/","url":"https:\/\/www.anytrek.com\/wp-content\/uploads\/2025\/04\/Logo.png","contentUrl":"https:\/\/www.anytrek.com\/wp-content\/uploads\/2025\/04\/Logo.png","width":1375,"height":459,"caption":"Smart Trucking, powered by AI."},"image":{"@id":"https:\/\/www.anytrek.com\/#\/schema\/logo\/image\/"}}]}},"_links":{"self":[{"href":"https:\/\/www.anytrek.com\/fr\/wp-json\/wp\/v2\/pages\/2011","targetHints":{"allow":["GET"]}}],"collection":[{"href":"https:\/\/www.anytrek.com\/fr\/wp-json\/wp\/v2\/pages"}],"about":[{"href":"https:\/\/www.anytrek.com\/fr\/wp-json\/wp\/v2\/types\/page"}],"author":[{"embeddable":true,"href":"https:\/\/www.anytrek.com\/fr\/wp-json\/wp\/v2\/users\/1"}],"replies":[{"embeddable":true,"href":"https:\/\/www.anytrek.com\/fr\/wp-json\/wp\/v2\/comments?post=2011"}],"version-history":[{"count":7,"href":"https:\/\/www.anytrek.com\/fr\/wp-json\/wp\/v2\/pages\/2011\/revisions"}],"predecessor-version":[{"id":7694,"href":"https:\/\/www.anytrek.com\/fr\/wp-json\/wp\/v2\/pages\/2011\/revisions\/7694"}],"wp:attachment":[{"href":"https:\/\/www.anytrek.com\/fr\/wp-json\/wp\/v2\/media?parent=2011"}],"curies":[{"name":"wp","href":"https:\/\/api.w.org\/{rel}","templated":true}]}}