{"id":6609,"date":"2025-05-12T14:30:09","date_gmt":"2025-05-12T14:30:09","guid":{"rendered":"https:\/\/www.anytrek.com\/?post_type=product&#038;p=6609"},"modified":"2025-05-12T14:58:25","modified_gmt":"2025-05-12T14:58:25","slug":"accessories","status":"publish","type":"product","link":"https:\/\/www.anytrek.com\/es\/producto\/accessories\/","title":{"rendered":"6\u2033 Oval Decoy TrackLight LA17121 R00"},"content":{"rendered":"","protected":false},"excerpt":{"rendered":"<p>TrackLight utiliza LEDs de alta calidad, aprobados por DOT, para la iluminaci\u00f3n. Algunos remolques a\u00fan utilizan luces de freno y traseras con bombillas incandescentes m\u00e1s antiguas. Instalar un TrackLight en este tipo de remolque podr\u00eda hacerlo destacar y reducir su discreci\u00f3n.<\/p>\n<p>In order to avoid this situation, Anytrek also produces Decoy lights which look, install and illuminate exactly the same as a TrackLight; the only difference being that the decoy is simply a tail light without any of the tracking components. Fitting a TrackLight on one side of the trailer or truck and a decoy on the other side provides a balanced view of a pair of identical LED tail lights.<br data-filtered=\"filtered\" \/>Es una soluci\u00f3n muy econ\u00f3mica que le permite aprovechar todos los beneficios del TrackLight, incluida su discreci\u00f3n.<\/p>","protected":false},"featured_media":6610,"template":"","meta":{"_acf_changed":false},"product_brand":[],"product_cat":[77,84,75],"product_tag":[],"class_list":{"0":"post-6609","1":"product","2":"type-product","3":"status-publish","4":"has-post-thumbnail","6":"product_cat-accessories","7":"product_cat-decoy-light","8":"product_cat-tracklight","10":"first","11":"instock","12":"shipping-taxable","13":"product-type-simple"},"acf":[],"yoast_head":"<!-- This site is optimized with the Yoast SEO plugin v27.1.1 - https:\/\/yoast.com\/product\/yoast-seo-wordpress\/ -->\n<title>6\u2033 Oval Decoy TrackLight LA17121 R00 - Smart Trucking, powered by AI.<\/title>\n<meta name=\"robots\" content=\"index, follow, max-snippet:-1, max-image-preview:large, max-video-preview:-1\" \/>\n<link rel=\"canonical\" href=\"https:\/\/www.anytrek.com\/es\/producto\/accessories\/\" \/>\n<meta property=\"og:locale\" content=\"es_MX\" \/>\n<meta property=\"og:type\" content=\"article\" \/>\n<meta property=\"og:title\" content=\"6\u2033 Oval Decoy TrackLight LA17121 R00 - Smart Trucking, powered by AI.\" \/>\n<meta property=\"og:description\" content=\"TrackLight uses high-quality, DOT approved LED\u2019s for illumination. Some trailers still use the older incandescent bulb variety of stop and tail lights. Fitting a TrackLight to such a trailer would stand out and perhaps lose some of its \u2018covertness\u2019.  In order to avoid this situation, Anytrek also produces Decoy lights which look, install and illuminate exactly the same as a TrackLight; the only difference being that the decoy is simply a tail light without any of the tracking components. Fitting a TrackLight on one side of the trailer or truck and a decoy on the other side provides a balanced view of a pair of identical LED tail lights.It\u2019s a very economical solution to ensure you gain all the benefits of using a TrackLight, including its covertness.\" \/>\n<meta property=\"og:url\" content=\"https:\/\/www.anytrek.com\/es\/producto\/accessories\/\" \/>\n<meta property=\"og:site_name\" content=\"Smart Trucking, powered by AI.\" \/>\n<meta property=\"article:modified_time\" content=\"2025-05-12T14:58:25+00:00\" \/>\n<meta property=\"og:image\" content=\"https:\/\/www.anytrek.com\/wp-content\/uploads\/2025\/05\/LA17121R00.png\" \/>\n\t<meta property=\"og:image:width\" content=\"575\" \/>\n\t<meta property=\"og:image:height\" content=\"575\" \/>\n\t<meta property=\"og:image:type\" content=\"image\/png\" \/>\n<meta name=\"twitter:card\" content=\"summary_large_image\" \/>\n<meta name=\"twitter:label1\" content=\"Tiempo de lectura\" \/>\n\t<meta name=\"twitter:data1\" content=\"1 minuto\" \/>\n<script type=\"application\/ld+json\" class=\"yoast-schema-graph\">{\"@context\":\"https:\/\/schema.org\",\"@graph\":[{\"@type\":\"WebPage\",\"@id\":\"https:\/\/www.anytrek.com\/product\/accessories\/\",\"url\":\"https:\/\/www.anytrek.com\/product\/accessories\/\",\"name\":\"6\u2033 Oval Decoy TrackLight LA17121 R00 - Smart Trucking, powered by AI.\",\"isPartOf\":{\"@id\":\"https:\/\/www.anytrek.com\/#website\"},\"primaryImageOfPage\":{\"@id\":\"https:\/\/www.anytrek.com\/product\/accessories\/#primaryimage\"},\"image\":{\"@id\":\"https:\/\/www.anytrek.com\/product\/accessories\/#primaryimage\"},\"thumbnailUrl\":\"https:\/\/www.anytrek.com\/wp-content\/uploads\/2025\/05\/LA17121R00.png\",\"datePublished\":\"2025-05-12T14:30:09+00:00\",\"dateModified\":\"2025-05-12T14:58:25+00:00\",\"breadcrumb\":{\"@id\":\"https:\/\/www.anytrek.com\/product\/accessories\/#breadcrumb\"},\"inLanguage\":\"es\",\"potentialAction\":[{\"@type\":\"ReadAction\",\"target\":[\"https:\/\/www.anytrek.com\/product\/accessories\/\"]}]},{\"@type\":\"ImageObject\",\"inLanguage\":\"es\",\"@id\":\"https:\/\/www.anytrek.com\/product\/accessories\/#primaryimage\",\"url\":\"https:\/\/www.anytrek.com\/wp-content\/uploads\/2025\/05\/LA17121R00.png\",\"contentUrl\":\"https:\/\/www.anytrek.com\/wp-content\/uploads\/2025\/05\/LA17121R00.png\",\"width\":575,\"height\":575},{\"@type\":\"BreadcrumbList\",\"@id\":\"https:\/\/www.anytrek.com\/product\/accessories\/#breadcrumb\",\"itemListElement\":[{\"@type\":\"ListItem\",\"position\":1,\"name\":\"Home\",\"item\":\"https:\/\/www.anytrek.com\/\"},{\"@type\":\"ListItem\",\"position\":2,\"name\":\"Shop\",\"item\":\"https:\/\/www.anytrek.com\/shop\/\"},{\"@type\":\"ListItem\",\"position\":3,\"name\":\"6\u2033 Oval Decoy TrackLight LA17121 R00\"}]},{\"@type\":\"WebSite\",\"@id\":\"https:\/\/www.anytrek.com\/#website\",\"url\":\"https:\/\/www.anytrek.com\/\",\"name\":\"Smart Trucking, powered by AI.\",\"description\":\"Anytrek\",\"publisher\":{\"@id\":\"https:\/\/www.anytrek.com\/#organization\"},\"potentialAction\":[{\"@type\":\"SearchAction\",\"target\":{\"@type\":\"EntryPoint\",\"urlTemplate\":\"https:\/\/www.anytrek.com\/?s={search_term_string}\"},\"query-input\":{\"@type\":\"PropertyValueSpecification\",\"valueRequired\":true,\"valueName\":\"search_term_string\"}}],\"inLanguage\":\"es\"},{\"@type\":\"Organization\",\"@id\":\"https:\/\/www.anytrek.com\/#organization\",\"name\":\"Smart Trucking, powered by AI.\",\"url\":\"https:\/\/www.anytrek.com\/\",\"logo\":{\"@type\":\"ImageObject\",\"inLanguage\":\"es\",\"@id\":\"https:\/\/www.anytrek.com\/#\/schema\/logo\/image\/\",\"url\":\"https:\/\/www.anytrek.com\/wp-content\/uploads\/2025\/04\/Logo.png\",\"contentUrl\":\"https:\/\/www.anytrek.com\/wp-content\/uploads\/2025\/04\/Logo.png\",\"width\":1375,\"height\":459,\"caption\":\"Smart Trucking, powered by AI.\"},\"image\":{\"@id\":\"https:\/\/www.anytrek.com\/#\/schema\/logo\/image\/\"}}]}<\/script>\n<!-- \/ Yoast SEO plugin. -->","yoast_head_json":{"title":"6\u2033 Oval Decoy TrackLight LA17121 R00 - Smart Trucking, powered by AI.","robots":{"index":"index","follow":"follow","max-snippet":"max-snippet:-1","max-image-preview":"max-image-preview:large","max-video-preview":"max-video-preview:-1"},"canonical":"https:\/\/www.anytrek.com\/es\/producto\/accessories\/","og_locale":"es_MX","og_type":"article","og_title":"6\u2033 Oval Decoy TrackLight LA17121 R00 - Smart Trucking, powered by AI.","og_description":"TrackLight uses high-quality, DOT approved LED\u2019s for illumination. Some trailers still use the older incandescent bulb variety of stop and tail lights. Fitting a TrackLight to such a trailer would stand out and perhaps lose some of its \u2018covertness\u2019.  In order to avoid this situation, Anytrek also produces Decoy lights which look, install and illuminate exactly the same as a TrackLight; the only difference being that the decoy is simply a tail light without any of the tracking components. Fitting a TrackLight on one side of the trailer or truck and a decoy on the other side provides a balanced view of a pair of identical LED tail lights.It\u2019s a very economical solution to ensure you gain all the benefits of using a TrackLight, including its covertness.","og_url":"https:\/\/www.anytrek.com\/es\/producto\/accessories\/","og_site_name":"Smart Trucking, powered by AI.","article_modified_time":"2025-05-12T14:58:25+00:00","og_image":[{"width":575,"height":575,"url":"https:\/\/www.anytrek.com\/wp-content\/uploads\/2025\/05\/LA17121R00.png","type":"image\/png"}],"twitter_card":"summary_large_image","twitter_misc":{"Tiempo de lectura":"1 minuto"},"schema":{"@context":"https:\/\/schema.org","@graph":[{"@type":"WebPage","@id":"https:\/\/www.anytrek.com\/product\/accessories\/","url":"https:\/\/www.anytrek.com\/product\/accessories\/","name":"6\u2033 Oval Decoy TrackLight LA17121 R00 - Smart Trucking, powered by AI.","isPartOf":{"@id":"https:\/\/www.anytrek.com\/#website"},"primaryImageOfPage":{"@id":"https:\/\/www.anytrek.com\/product\/accessories\/#primaryimage"},"image":{"@id":"https:\/\/www.anytrek.com\/product\/accessories\/#primaryimage"},"thumbnailUrl":"https:\/\/www.anytrek.com\/wp-content\/uploads\/2025\/05\/LA17121R00.png","datePublished":"2025-05-12T14:30:09+00:00","dateModified":"2025-05-12T14:58:25+00:00","breadcrumb":{"@id":"https:\/\/www.anytrek.com\/product\/accessories\/#breadcrumb"},"inLanguage":"es","potentialAction":[{"@type":"ReadAction","target":["https:\/\/www.anytrek.com\/product\/accessories\/"]}]},{"@type":"ImageObject","inLanguage":"es","@id":"https:\/\/www.anytrek.com\/product\/accessories\/#primaryimage","url":"https:\/\/www.anytrek.com\/wp-content\/uploads\/2025\/05\/LA17121R00.png","contentUrl":"https:\/\/www.anytrek.com\/wp-content\/uploads\/2025\/05\/LA17121R00.png","width":575,"height":575},{"@type":"BreadcrumbList","@id":"https:\/\/www.anytrek.com\/product\/accessories\/#breadcrumb","itemListElement":[{"@type":"ListItem","position":1,"name":"Home","item":"https:\/\/www.anytrek.com\/"},{"@type":"ListItem","position":2,"name":"Shop","item":"https:\/\/www.anytrek.com\/shop\/"},{"@type":"ListItem","position":3,"name":"6\u2033 Oval Decoy TrackLight LA17121 R00"}]},{"@type":"WebSite","@id":"https:\/\/www.anytrek.com\/#website","url":"https:\/\/www.anytrek.com\/","name":"Camionaje Inteligente, impulsado por IA.","description":"Anytrek","publisher":{"@id":"https:\/\/www.anytrek.com\/#organization"},"potentialAction":[{"@type":"SearchAction","target":{"@type":"EntryPoint","urlTemplate":"https:\/\/www.anytrek.com\/?s={search_term_string}"},"query-input":{"@type":"PropertyValueSpecification","valueRequired":true,"valueName":"search_term_string"}}],"inLanguage":"es"},{"@type":"Organization","@id":"https:\/\/www.anytrek.com\/#organization","name":"Camionaje Inteligente, impulsado por IA.","url":"https:\/\/www.anytrek.com\/","logo":{"@type":"ImageObject","inLanguage":"es","@id":"https:\/\/www.anytrek.com\/#\/schema\/logo\/image\/","url":"https:\/\/www.anytrek.com\/wp-content\/uploads\/2025\/04\/Logo.png","contentUrl":"https:\/\/www.anytrek.com\/wp-content\/uploads\/2025\/04\/Logo.png","width":1375,"height":459,"caption":"Smart Trucking, powered by AI."},"image":{"@id":"https:\/\/www.anytrek.com\/#\/schema\/logo\/image\/"}}]}},"_links":{"self":[{"href":"https:\/\/www.anytrek.com\/es\/wp-json\/wp\/v2\/product\/6609","targetHints":{"allow":["GET"]}}],"collection":[{"href":"https:\/\/www.anytrek.com\/es\/wp-json\/wp\/v2\/product"}],"about":[{"href":"https:\/\/www.anytrek.com\/es\/wp-json\/wp\/v2\/types\/product"}],"wp:featuredmedia":[{"embeddable":true,"href":"https:\/\/www.anytrek.com\/es\/wp-json\/wp\/v2\/media\/6610"}],"wp:attachment":[{"href":"https:\/\/www.anytrek.com\/es\/wp-json\/wp\/v2\/media?parent=6609"}],"wp:term":[{"taxonomy":"product_brand","embeddable":true,"href":"https:\/\/www.anytrek.com\/es\/wp-json\/wp\/v2\/product_brand?post=6609"},{"taxonomy":"product_cat","embeddable":true,"href":"https:\/\/www.anytrek.com\/es\/wp-json\/wp\/v2\/product_cat?post=6609"},{"taxonomy":"product_tag","embeddable":true,"href":"https:\/\/www.anytrek.com\/es\/wp-json\/wp\/v2\/product_tag?post=6609"}],"curies":[{"name":"wp","href":"https:\/\/api.w.org\/{rel}","templated":true}]}}