{"id":3521,"date":"2025-05-02T16:21:59","date_gmt":"2025-05-02T16:21:59","guid":{"rendered":"https:\/\/www.anytrek.com\/?post_type=product&#038;p=3521"},"modified":"2025-05-07T16:22:34","modified_gmt":"2025-05-07T16:22:34","slug":"4-round-led-stop-tail-tracklight","status":"publish","type":"product","link":"https:\/\/www.anytrek.com\/es\/producto\/4-round-led-stop-tail-tracklight\/","title":{"rendered":"VT2211"},"content":{"rendered":"","protected":false},"excerpt":{"rendered":"<p>VT2211 looks and functions exactly the same as a standard 4\u201d LED tail light, providing the ultimate in covert tracking and simple installation. Designed to function in the harsh conditions on the road, it is waterproof and shockproof. Inside the lamp case is a powerful GPS module connected via a 4G\/3G modem, ensuring location updates are received reliably and accurately.<\/p>\n<p>La bater\u00eda de iones de litio integrada puede proporcionar hasta 90 d\u00edas de reporte de ubicaci\u00f3n, con notificaciones autom\u00e1ticas ante cambios de condiciones.\n\nEl rastreador TrackLight es un verdadero sistema \u00ab plug and drive \u00bb. La instalaci\u00f3n es tan sencilla como reemplazar una de sus luces traseras existentes.<\/p>\n<p>Las luces cumplen con todos los requisitos fotom\u00e9tricos FMVSS en materia de visibilidad y seguridad, y cuentan con la aprobaci\u00f3n de DOT y FCC.\n\nLas lentes y la carcasa est\u00e1n fabricadas en ABS resistente y selladas mediante soldadura ultras\u00f3nica.<\/p>","protected":false},"featured_media":3538,"template":"","meta":{"_acf_changed":false},"product_brand":[],"product_cat":[75,74],"product_tag":[],"class_list":{"0":"post-3521","1":"product","2":"type-product","3":"status-publish","4":"has-post-thumbnail","6":"product_cat-tracklight","7":"product_cat-tail-light","9":"first","10":"instock","11":"shipping-taxable","12":"product-type-simple"},"acf":[],"yoast_head":"<!-- This site is optimized with the Yoast SEO plugin v27.1.1 - https:\/\/yoast.com\/product\/yoast-seo-wordpress\/ -->\n<title>VT2211 - Smart Trucking, powered by AI.<\/title>\n<meta name=\"robots\" content=\"index, follow, max-snippet:-1, max-image-preview:large, max-video-preview:-1\" \/>\n<link rel=\"canonical\" href=\"https:\/\/www.anytrek.com\/es\/producto\/4-round-led-stop-tail-tracklight\/\" \/>\n<meta property=\"og:locale\" content=\"es_MX\" \/>\n<meta property=\"og:type\" content=\"article\" \/>\n<meta property=\"og:title\" content=\"VT2211 - Smart Trucking, powered by AI.\" \/>\n<meta property=\"og:description\" content=\"VT2211 looks and functions exactly the same as a standard 4\u201d LED tail light, providing the ultimate in covert tracking and simple installation. Designed to function in the harsh conditions on the road, it is waterproof and shockproof. Inside the lamp case is a powerful GPS module connected via a 4G\/3G modem, ensuring location updates are received reliably and accurately.  The built-in Lithium-ion battery can provide up to 90 days of location reporting with automatic notifications of changed conditions. The TrackLight tracker is a true plug and drive. Installation is as simple as replacing one of your own tail lights because that\u2019s all there is to it.  The lights meet all FMVSS photometric requirements for visibility and safety and are DOT and FCC approved. Lenses and housing are made of tough ABS material and are ultrasonically welded.\" \/>\n<meta property=\"og:url\" content=\"https:\/\/www.anytrek.com\/es\/producto\/4-round-led-stop-tail-tracklight\/\" \/>\n<meta property=\"og:site_name\" content=\"Smart Trucking, powered by AI.\" \/>\n<meta property=\"article:modified_time\" content=\"2025-05-07T16:22:34+00:00\" \/>\n<meta property=\"og:image\" content=\"https:\/\/www.anytrek.com\/wp-content\/uploads\/2025\/05\/\u6b63\u4fa7-1-scaled.png\" \/>\n\t<meta property=\"og:image:width\" content=\"2560\" \/>\n\t<meta property=\"og:image:height\" content=\"2560\" \/>\n\t<meta property=\"og:image:type\" content=\"image\/png\" \/>\n<meta name=\"twitter:card\" content=\"summary_large_image\" \/>\n<meta name=\"twitter:label1\" content=\"Tiempo de lectura\" \/>\n\t<meta name=\"twitter:data1\" content=\"1 minuto\" \/>\n<script type=\"application\/ld+json\" class=\"yoast-schema-graph\">{\"@context\":\"https:\/\/schema.org\",\"@graph\":[{\"@type\":\"WebPage\",\"@id\":\"https:\/\/www.anytrek.com\/product\/4-round-led-stop-tail-tracklight\/\",\"url\":\"https:\/\/www.anytrek.com\/product\/4-round-led-stop-tail-tracklight\/\",\"name\":\"VT2211 - Smart Trucking, powered by AI.\",\"isPartOf\":{\"@id\":\"https:\/\/www.anytrek.com\/#website\"},\"primaryImageOfPage\":{\"@id\":\"https:\/\/www.anytrek.com\/product\/4-round-led-stop-tail-tracklight\/#primaryimage\"},\"image\":{\"@id\":\"https:\/\/www.anytrek.com\/product\/4-round-led-stop-tail-tracklight\/#primaryimage\"},\"thumbnailUrl\":\"https:\/\/www.anytrek.com\/wp-content\/uploads\/2025\/05\/\u6b63\u4fa7-1-scaled.png\",\"datePublished\":\"2025-05-02T16:21:59+00:00\",\"dateModified\":\"2025-05-07T16:22:34+00:00\",\"breadcrumb\":{\"@id\":\"https:\/\/www.anytrek.com\/product\/4-round-led-stop-tail-tracklight\/#breadcrumb\"},\"inLanguage\":\"es\",\"potentialAction\":[{\"@type\":\"ReadAction\",\"target\":[\"https:\/\/www.anytrek.com\/product\/4-round-led-stop-tail-tracklight\/\"]}]},{\"@type\":\"ImageObject\",\"inLanguage\":\"es\",\"@id\":\"https:\/\/www.anytrek.com\/product\/4-round-led-stop-tail-tracklight\/#primaryimage\",\"url\":\"https:\/\/www.anytrek.com\/wp-content\/uploads\/2025\/05\/\u6b63\u4fa7-1-scaled.png\",\"contentUrl\":\"https:\/\/www.anytrek.com\/wp-content\/uploads\/2025\/05\/\u6b63\u4fa7-1-scaled.png\",\"width\":2560,\"height\":2560},{\"@type\":\"BreadcrumbList\",\"@id\":\"https:\/\/www.anytrek.com\/product\/4-round-led-stop-tail-tracklight\/#breadcrumb\",\"itemListElement\":[{\"@type\":\"ListItem\",\"position\":1,\"name\":\"Home\",\"item\":\"https:\/\/www.anytrek.com\/\"},{\"@type\":\"ListItem\",\"position\":2,\"name\":\"Shop\",\"item\":\"https:\/\/www.anytrek.com\/shop\/\"},{\"@type\":\"ListItem\",\"position\":3,\"name\":\"4&#8221; Round LED Stop Tail TrackLight\"}]},{\"@type\":\"WebSite\",\"@id\":\"https:\/\/www.anytrek.com\/#website\",\"url\":\"https:\/\/www.anytrek.com\/\",\"name\":\"Smart Trucking, powered by AI.\",\"description\":\"Anytrek\",\"publisher\":{\"@id\":\"https:\/\/www.anytrek.com\/#organization\"},\"potentialAction\":[{\"@type\":\"SearchAction\",\"target\":{\"@type\":\"EntryPoint\",\"urlTemplate\":\"https:\/\/www.anytrek.com\/?s={search_term_string}\"},\"query-input\":{\"@type\":\"PropertyValueSpecification\",\"valueRequired\":true,\"valueName\":\"search_term_string\"}}],\"inLanguage\":\"es\"},{\"@type\":\"Organization\",\"@id\":\"https:\/\/www.anytrek.com\/#organization\",\"name\":\"Smart Trucking, powered by AI.\",\"url\":\"https:\/\/www.anytrek.com\/\",\"logo\":{\"@type\":\"ImageObject\",\"inLanguage\":\"es\",\"@id\":\"https:\/\/www.anytrek.com\/#\/schema\/logo\/image\/\",\"url\":\"https:\/\/www.anytrek.com\/wp-content\/uploads\/2025\/04\/Logo.png\",\"contentUrl\":\"https:\/\/www.anytrek.com\/wp-content\/uploads\/2025\/04\/Logo.png\",\"width\":1375,\"height\":459,\"caption\":\"Smart Trucking, powered by AI.\"},\"image\":{\"@id\":\"https:\/\/www.anytrek.com\/#\/schema\/logo\/image\/\"}}]}<\/script>\n<!-- \/ Yoast SEO plugin. -->","yoast_head_json":{"title":"VT2211 - Smart Trucking, powered by AI.","robots":{"index":"index","follow":"follow","max-snippet":"max-snippet:-1","max-image-preview":"max-image-preview:large","max-video-preview":"max-video-preview:-1"},"canonical":"https:\/\/www.anytrek.com\/es\/producto\/4-round-led-stop-tail-tracklight\/","og_locale":"es_MX","og_type":"article","og_title":"VT2211 - Smart Trucking, powered by AI.","og_description":"VT2211 looks and functions exactly the same as a standard 4\u201d LED tail light, providing the ultimate in covert tracking and simple installation. Designed to function in the harsh conditions on the road, it is waterproof and shockproof. Inside the lamp case is a powerful GPS module connected via a 4G\/3G modem, ensuring location updates are received reliably and accurately.  The built-in Lithium-ion battery can provide up to 90 days of location reporting with automatic notifications of changed conditions. The TrackLight tracker is a true plug and drive. Installation is as simple as replacing one of your own tail lights because that\u2019s all there is to it.  The lights meet all FMVSS photometric requirements for visibility and safety and are DOT and FCC approved. Lenses and housing are made of tough ABS material and are ultrasonically welded.","og_url":"https:\/\/www.anytrek.com\/es\/producto\/4-round-led-stop-tail-tracklight\/","og_site_name":"Smart Trucking, powered by AI.","article_modified_time":"2025-05-07T16:22:34+00:00","og_image":[{"width":2560,"height":2560,"url":"https:\/\/www.anytrek.com\/wp-content\/uploads\/2025\/05\/\u6b63\u4fa7-1-scaled.png","type":"image\/png"}],"twitter_card":"summary_large_image","twitter_misc":{"Tiempo de lectura":"1 minuto"},"schema":{"@context":"https:\/\/schema.org","@graph":[{"@type":"WebPage","@id":"https:\/\/www.anytrek.com\/product\/4-round-led-stop-tail-tracklight\/","url":"https:\/\/www.anytrek.com\/product\/4-round-led-stop-tail-tracklight\/","name":"VT2211 - Smart Trucking, powered by AI.","isPartOf":{"@id":"https:\/\/www.anytrek.com\/#website"},"primaryImageOfPage":{"@id":"https:\/\/www.anytrek.com\/product\/4-round-led-stop-tail-tracklight\/#primaryimage"},"image":{"@id":"https:\/\/www.anytrek.com\/product\/4-round-led-stop-tail-tracklight\/#primaryimage"},"thumbnailUrl":"https:\/\/www.anytrek.com\/wp-content\/uploads\/2025\/05\/\u6b63\u4fa7-1-scaled.png","datePublished":"2025-05-02T16:21:59+00:00","dateModified":"2025-05-07T16:22:34+00:00","breadcrumb":{"@id":"https:\/\/www.anytrek.com\/product\/4-round-led-stop-tail-tracklight\/#breadcrumb"},"inLanguage":"es","potentialAction":[{"@type":"ReadAction","target":["https:\/\/www.anytrek.com\/product\/4-round-led-stop-tail-tracklight\/"]}]},{"@type":"ImageObject","inLanguage":"es","@id":"https:\/\/www.anytrek.com\/product\/4-round-led-stop-tail-tracklight\/#primaryimage","url":"https:\/\/www.anytrek.com\/wp-content\/uploads\/2025\/05\/\u6b63\u4fa7-1-scaled.png","contentUrl":"https:\/\/www.anytrek.com\/wp-content\/uploads\/2025\/05\/\u6b63\u4fa7-1-scaled.png","width":2560,"height":2560},{"@type":"BreadcrumbList","@id":"https:\/\/www.anytrek.com\/product\/4-round-led-stop-tail-tracklight\/#breadcrumb","itemListElement":[{"@type":"ListItem","position":1,"name":"Home","item":"https:\/\/www.anytrek.com\/"},{"@type":"ListItem","position":2,"name":"Shop","item":"https:\/\/www.anytrek.com\/shop\/"},{"@type":"ListItem","position":3,"name":"4&#8221; Round LED Stop Tail TrackLight"}]},{"@type":"WebSite","@id":"https:\/\/www.anytrek.com\/#website","url":"https:\/\/www.anytrek.com\/","name":"Camionaje Inteligente, impulsado por IA.","description":"Anytrek","publisher":{"@id":"https:\/\/www.anytrek.com\/#organization"},"potentialAction":[{"@type":"SearchAction","target":{"@type":"EntryPoint","urlTemplate":"https:\/\/www.anytrek.com\/?s={search_term_string}"},"query-input":{"@type":"PropertyValueSpecification","valueRequired":true,"valueName":"search_term_string"}}],"inLanguage":"es"},{"@type":"Organization","@id":"https:\/\/www.anytrek.com\/#organization","name":"Camionaje Inteligente, impulsado por IA.","url":"https:\/\/www.anytrek.com\/","logo":{"@type":"ImageObject","inLanguage":"es","@id":"https:\/\/www.anytrek.com\/#\/schema\/logo\/image\/","url":"https:\/\/www.anytrek.com\/wp-content\/uploads\/2025\/04\/Logo.png","contentUrl":"https:\/\/www.anytrek.com\/wp-content\/uploads\/2025\/04\/Logo.png","width":1375,"height":459,"caption":"Smart Trucking, powered by AI."},"image":{"@id":"https:\/\/www.anytrek.com\/#\/schema\/logo\/image\/"}}]}},"_links":{"self":[{"href":"https:\/\/www.anytrek.com\/es\/wp-json\/wp\/v2\/product\/3521","targetHints":{"allow":["GET"]}}],"collection":[{"href":"https:\/\/www.anytrek.com\/es\/wp-json\/wp\/v2\/product"}],"about":[{"href":"https:\/\/www.anytrek.com\/es\/wp-json\/wp\/v2\/types\/product"}],"wp:featuredmedia":[{"embeddable":true,"href":"https:\/\/www.anytrek.com\/es\/wp-json\/wp\/v2\/media\/3538"}],"wp:attachment":[{"href":"https:\/\/www.anytrek.com\/es\/wp-json\/wp\/v2\/media?parent=3521"}],"wp:term":[{"taxonomy":"product_brand","embeddable":true,"href":"https:\/\/www.anytrek.com\/es\/wp-json\/wp\/v2\/product_brand?post=3521"},{"taxonomy":"product_cat","embeddable":true,"href":"https:\/\/www.anytrek.com\/es\/wp-json\/wp\/v2\/product_cat?post=3521"},{"taxonomy":"product_tag","embeddable":true,"href":"https:\/\/www.anytrek.com\/es\/wp-json\/wp\/v2\/product_tag?post=3521"}],"curies":[{"name":"wp","href":"https:\/\/api.w.org\/{rel}","templated":true}]}}