{"id":2018,"date":"2025-04-19T19:08:51","date_gmt":"2025-04-19T19:08:51","guid":{"rendered":"https:\/\/www.anytrek.com\/?page_id=2018"},"modified":"2025-05-04T20:51:05","modified_gmt":"2025-05-04T20:51:05","slug":"terminos-y-condiciones-para-el-usuario-final","status":"publish","type":"page","link":"https:\/\/www.anytrek.com\/es\/terminos-y-condiciones-para-el-usuario-final\/","title":{"rendered":"T\u00e9rminos y condiciones del usuario"},"content":{"rendered":"<div data-elementor-type=\"wp-page\" data-elementor-id=\"2018\" class=\"elementor elementor-2018\" data-elementor-post-type=\"page\">\n\t\t\t\t<div data-dce-background-overlay-color=\"#00000091\" data-dce-background-image-url=\"https:\/\/www.anytrek.com\/wp-content\/uploads\/2025\/04\/returnandcancellation-images-entete.jpg\" class=\"elementor-element elementor-element-4db673a e-con-full e-flex e-con e-parent\" data-id=\"4db673a\" data-element_type=\"container\" data-e-type=\"container\" data-settings=\"{&quot;background_background&quot;:&quot;classic&quot;}\">\n\t\t<div class=\"elementor-element elementor-element-8d6a068 e-con-full e-flex e-con e-child\" data-id=\"8d6a068\" data-element_type=\"container\" data-e-type=\"container\">\n\t\t<div class=\"elementor-element elementor-element-b38af2e e-con-full e-flex e-con e-child\" data-id=\"b38af2e\" data-element_type=\"container\" data-e-type=\"container\">\n\t\t\t\t<div class=\"elementor-element elementor-element-a43d3f3 elementor-widget__width-initial elementor-widget-tablet__width-initial elementor-widget-divider--view-line elementor-widget elementor-widget-divider\" data-id=\"a43d3f3\" data-element_type=\"widget\" data-e-type=\"widget\" data-widget_type=\"divider.default\">\n\t\t\t\t<div class=\"elementor-widget-container\">\n\t\t\t\t\t\t\t<div class=\"elementor-divider\">\n\t\t\t<span class=\"elementor-divider-separator\">\n\t\t\t\t\t\t<\/span>\n\t\t<\/div>\n\t\t\t\t\t\t<\/div>\n\t\t\t\t<\/div>\n\t\t\t\t<div class=\"elementor-element elementor-element-09bc9a3 elementor-widget-mobile__width-initial elementor-widget elementor-widget-heading\" data-id=\"09bc9a3\" data-element_type=\"widget\" data-e-type=\"widget\" data-widget_type=\"heading.default\">\n\t\t\t\t<div class=\"elementor-widget-container\">\n\t\t\t\t\t<h2 class=\"elementor-heading-title elementor-size-default\">T\u00e9rminos y condiciones del usuario<\/h2>\t\t\t\t<\/div>\n\t\t\t\t<\/div>\n\t\t\t\t<\/div>\n\t\t\t\t<\/div>\n\t\t<div class=\"elementor-element elementor-element-83ae5a5 e-flex e-con-boxed e-con e-child\" data-id=\"83ae5a5\" data-element_type=\"container\" data-e-type=\"container\" data-settings=\"{&quot;background_background&quot;:&quot;classic&quot;}\">\n\t\t\t\t\t<div class=\"e-con-inner\">\n\t\t\t\t\t<\/div>\n\t\t\t\t<\/div>\n\t\t\t\t<\/div>\n\t\t<div class=\"elementor-element elementor-element-ceb8672 e-flex e-con-boxed e-con e-parent\" data-id=\"ceb8672\" data-element_type=\"container\" data-e-type=\"container\">\n\t\t\t\t\t<div class=\"e-con-inner\">\n\t\t<div class=\"elementor-element elementor-element-3f9d4ed e-con-full e-flex e-con e-child\" data-id=\"3f9d4ed\" data-element_type=\"container\" data-e-type=\"container\">\n\t\t\t\t<div class=\"elementor-element elementor-element-4c829df elementor-widget elementor-widget-text-editor\" data-id=\"4c829df\" data-element_type=\"widget\" data-e-type=\"widget\" data-widget_type=\"text-editor.default\">\n\t\t\t\t<div class=\"elementor-widget-container\">\n\t\t\t\t\t\t\t\t\t<div class=\"story-l\"><div class=\"story-l\"><p><strong><b>Acuerdos entre usuarios y empresas<\/b><\/strong><\/p><p>A trav\u00e9s de sus sitios web (www.anytrek.com y fleet.anytrek.com), anytrek Corporation, Inc. (\"la empresa\") le ofrece una variedad de servicios e informaci\u00f3n, incluyendo seguimiento GPS de veh\u00edculos, informaci\u00f3n de productos, informaci\u00f3n de la empresa y otra informaci\u00f3n contenida en las p\u00e1ginas web de la empresa (colectivamente, \"contenido del sitio\").<\/p><p>El contenido de este sitio web se proporciona a usted bajo su aceptaci\u00f3n, sin perjuicio de los t\u00e9rminos, condiciones y notificaciones contenidos en este acuerdo. Su uso del contenido web constituye su consentimiento para todos estos t\u00e9rminos, condiciones y notificaciones. Las presentes condiciones de uso se aplicar\u00e1n a su acceso y uso del contenido de la red y no modificar\u00e1n en modo alguno los t\u00e9rminos y condiciones de ning\u00fan otro acuerdo entre usted y la empresa sobre productos, software, servicios u otros asuntos, a menos que la empresa especifique otra cosa.<\/p><p><strong><b>Modificar estas condiciones de uso<\/b><\/strong><\/p><p>La empresa se reserva el derecho de modificar los t\u00e9rminos, condiciones y notificaciones en que se proporciona el contenido de la red, incluidos, entre otros, los gastos relacionados con el uso del contenido de la red.<\/p><p><strong><b>Derechos de autor<\/b><\/strong><\/p><p>Todo el contenido de la red, incluyendo, pero no limitado a, texto, im\u00e1genes, gr\u00e1ficos y otros archivos, as \u00ed como su selecci\u00f3n y dise\u00f1o, est\u00e1 protegido por derechos de autor de anytrek Corporation, Inc. \u00a9 2015 - 2023, todos los derechos reservados o reservados por el creador original del elemento. S\u00f3lo se permite la publicaci\u00f3n, copia, distribuci\u00f3n y descarga de materiales protegidos por derechos de autor con fines personales y no comerciales, siempre que no modifique el material y mantenga todos los derechos de autor y otras declaraciones de propiedad contenidas en el material. Sin embargo, no puede distribuir, copiar, copiar, mostrar, redistribuir, descargar o transmitir ning\u00fan material protegido por derechos de autor con fines comerciales sin el permiso previo por escrito de la empresa. No puede \"alojar\" ning\u00fan material protegido por derechos de autor en ning\u00fan otro servidor sin el permiso previo por escrito de la empresa.<\/p><p><strong><b>Enlaces a sitios web de terceros<\/b><\/strong><br \/>El sitio web de la empresa puede contener enlaces a otros sitios (\"sitios enlazados\"). Los sitios enlazados no est\u00e1n bajo el control de la empresa y la empresa no es responsable del contenido de ning\u00fan sitio enlazado, incluyendo, pero no limitado a, cualquier enlace incluido en cualquier sitio enlazado, o cualquier modificaci\u00f3n o actualizaci\u00f3n de cualquier sitio enlazado. La empresa no ser\u00e1 responsable de ninguna forma de transmisi\u00f3n recibida de ning\u00fan sitio web pertinente. Estos enlaces son s\u00f3lo para su referencia, y la inclusi\u00f3n de cualquier enlace no implica la aprobaci\u00f3n de nuestro sitio web o cualquier asociaci\u00f3n con el operador.<\/p><p><strong><b>No abusar o prohibir el uso<\/b><\/strong><\/p><p>Como condici\u00f3n para su uso del contenido web, usted acepta no utilizar el contenido web para fines ilegales, inapropiados o prohibidos en estos t\u00e9rminos, condiciones y notificaciones. No debe utilizar el contenido web de una manera que pueda da\u00f1ar, desactivar, sobrecargar o da\u00f1ar el contenido web o interferir con el uso y disfrute del contenido web por otros. No puede obtener o tratar de obtener documentos o informaci\u00f3n a trav\u00e9s de un suministro no intencional o a trav\u00e9s de un suministro de contenido web. Usted no debe intentar o acceder a los servidores o redes de su empresa a trav\u00e9s de hackeo o de cualquier otra manera. Usted est\u00e1 de acuerdo en no usar robots, ara\u00f1as, otros dispositivos autom\u00e1ticos o procesos manuales para \"agarrar\", \"monitorear\", \"operar\" o copiar contenido web sin el permiso expreso previo por escrito de la empresa. Usted est\u00e1 de acuerdo en que el contenido web no debe ser utilizado con fines comerciales sin el consentimiento previo de la empresa.<\/p><\/div><\/div>\t\t\t\t\t\t\t\t<\/div>\n\t\t\t\t<\/div>\n\t\t\t\t<\/div>\n\t\t<div class=\"elementor-element elementor-element-0058537 e-con-full e-flex e-con e-child\" data-id=\"0058537\" data-element_type=\"container\" data-e-type=\"container\">\n\t\t\t\t<div class=\"elementor-element elementor-element-55011e0 elementor-widget elementor-widget-text-editor\" data-id=\"55011e0\" data-element_type=\"widget\" data-e-type=\"widget\" data-widget_type=\"text-editor.default\">\n\t\t\t\t<div class=\"elementor-widget-container\">\n\t\t\t\t\t\t\t\t\t<div class=\"story-r\"><div class=\"story-r\"><p><strong><b>Contenido Web limitado por ID de usuario y contrase\u00f1a<\/b><\/strong><\/p><p>Si el acceso al contenido web requiere un identificador y contrase\u00f1a (\"contenido web restringido\"), debe aceptar el Protocolo de servicio de suscripci\u00f3n o el Protocolo de marketing principal asociado con este contenido web restringido antes de poder acceder a este contenido web restringido. El acceso a contenidos web restringidos significa que usted est\u00e1 de acuerdo en obligarse por los t\u00e9rminos del Acuerdo de servicio de suscripci\u00f3n y \/ o el acuerdo maestro de marketing asociado con este contenido web restringido. Usted es responsable de mantener la confidencialidad del nombre de usuario y contrase\u00f1a y de todas las actividades que ocurren bajo el nombre de usuario. No puede usar el nombre de usuario y la contrase\u00f1a de otra persona.<\/p><p><strong><b>Exclusi\u00f3n de la responsabilidad<\/b><\/strong><\/p><p>El contenido web TLE puede ser inexacto o impreso incorrectamente. La siguiente informaci\u00f3n se modifica peri\u00f3dicamente. La empresa y \/ o sus proveedores pueden mejorar y \/ o modificar el contenido de la red en cualquier momento. Todo el contenido de la red se proporciona sin ninguna garant\u00eda o condici\u00f3n. La empresa y \/ o sus proveedores declaran por la presente todas las garant\u00edas y condiciones relativas al contenido de la red, incluidas las garant\u00edas o condiciones impl\u00edcitas de comerciabilidad, idoneidad para un uso determinado, propiedad y no infracci\u00f3n.<\/p><p>En la mayor medida permitida por la ley aplicable, la empresa y \/ o sus proveedores no ser\u00e1n en ning\u00fan caso responsables de ning\u00fan da\u00f1o directo, indirecto, punitivo, incidental, especial, consecuente o de otra \u00edndole resultante del uso o la presentaci\u00f3n de contenidos web, incluidos, entre otros, los da\u00f1os causados por la p\u00e9rdida de uso, datos o beneficios, Retrasar o no utilizar el contenido web, proporcionar o no proporcionar contenido web, ya sea por contrato, incumplimiento, emergencia, responsabilidad objetiva u otras razones, incluso si se ha informado a la empresa o a cualquiera de sus proveedores de que puede haber da\u00f1os. Dado que algunos Estados \/ jurisdicciones no permiten la exclusi\u00f3n o limitaci\u00f3n de la responsabilidad por da\u00f1os indirectos o incidentales, estas restricciones pueden no aplicarse a usted. Si usted no est\u00e1 satisfecho con cualquier contenido del sitio o cualquier t\u00e9rmino de uso, su \u00fanico remedio es dejar de usar el sitio web de la empresa.<\/p><p><strong><b>Restricciones \/ restricciones de acceso<\/b><\/strong><\/p><p>La empresa tiene el derecho, a su discreci\u00f3n, de poner fin a su acceso al contenido de la red o a cualquier parte de ella en cualquier momento sin previo aviso.<\/p><p><strong><b>Panorama general<\/b><\/strong><\/p><p>En la mayor medida permitida por la ley, el presente Acuerdo se regir\u00e1 por las leyes del Estado de California, y usted se compromete a tener jurisdicci\u00f3n exclusiva sobre el Tribunal del condado de San Bernardino, California, en todas las controversias derivadas del uso de contenidos web o relacionadas con \u00e9l.<\/p><p>Usted est\u00e1 de acuerdo en que no hay ninguna relaci\u00f3n de empresa conjunta, asociaci\u00f3n, empleo o agencia entre usted y la empresa como resultado del presente Acuerdo o del acceso o uso del contenido de este sitio web.<\/p><p>Si alguna parte del presente Acuerdo se considera inv\u00e1lida o inaplicable con arreglo a la ley aplicable, incluidas, entre otras cosas, las exclusiones y limitaciones de responsabilidad de las garant\u00edas mencionadas, se considerar\u00e1 que las disposiciones inv\u00e1lidas o inaplicables han sido sustituidas por disposiciones v\u00e1lidas y ejecutables. Esto se ajusta mejor a la intenci\u00f3n de los t\u00e9rminos originales y el resto del Acuerdo seguir\u00e1 siendo v\u00e1lido.<\/p><\/div><\/div>\t\t\t\t\t\t\t\t<\/div>\n\t\t\t\t<\/div>\n\t\t\t\t<\/div>\n\t\t\t\t\t<\/div>\n\t\t\t\t<\/div>\n\t\t\t\t<\/div>","protected":false},"excerpt":{"rendered":"<p>End User Terms and Conditions AGREEMENT BETWEEN USER AND COMPANY Through its Web Site(www.anytrek.com and fleet.anytrek.com)\u00a0Anytrek Corporation, Inc. (\u201cCompany\u201d) provides you with access to various services and information, including GPS tracking of vehicles, product information, company information, and other information contained within the web pages of the Company Web Site (collectively \u201cWeb Content\u201d). The Web [&hellip;]<\/p>\n","protected":false},"author":1,"featured_media":0,"parent":0,"menu_order":0,"comment_status":"closed","ping_status":"closed","template":"","meta":{"_acf_changed":false,"footnotes":""},"class_list":["post-2018","page","type-page","status-publish","hentry"],"blocksy_meta":{"has_hero_section":"disabled","styles_descriptor":{"styles":{"desktop":"","tablet":"","mobile":""},"google_fonts":[],"version":6},"vertical_spacing_source":"custom","content_area_spacing":"none"},"acf":[],"yoast_head":"<!-- This site is optimized with the Yoast SEO plugin v27.1.1 - https:\/\/yoast.com\/product\/yoast-seo-wordpress\/ -->\n<title>End User Terms and Conditions - Smart Trucking, powered by AI.<\/title>\n<meta name=\"robots\" content=\"index, follow, max-snippet:-1, max-image-preview:large, max-video-preview:-1\" \/>\n<link rel=\"canonical\" href=\"https:\/\/www.anytrek.com\/es\/terminos-y-condiciones-para-el-usuario-final\/\" \/>\n<meta property=\"og:locale\" content=\"es_MX\" \/>\n<meta property=\"og:type\" content=\"article\" \/>\n<meta property=\"og:title\" content=\"End User Terms and Conditions - Smart Trucking, powered by AI.\" \/>\n<meta property=\"og:description\" content=\"End User Terms and Conditions AGREEMENT BETWEEN USER AND COMPANY Through its Web Site(www.anytrek.com and fleet.anytrek.com)\u00a0Anytrek Corporation, Inc. (\u201cCompany\u201d) provides you with access to various services and information, including GPS tracking of vehicles, product information, company information, and other information contained within the web pages of the Company Web Site (collectively \u201cWeb Content\u201d). The Web [&hellip;]\" \/>\n<meta property=\"og:url\" content=\"https:\/\/www.anytrek.com\/es\/terminos-y-condiciones-para-el-usuario-final\/\" \/>\n<meta property=\"og:site_name\" content=\"Smart Trucking, powered by AI.\" \/>\n<meta property=\"article:modified_time\" content=\"2025-05-04T20:51:05+00:00\" \/>\n<meta name=\"twitter:card\" content=\"summary_large_image\" \/>\n<meta name=\"twitter:label1\" content=\"Tiempo de lectura\" \/>\n\t<meta name=\"twitter:data1\" content=\"6 minutos\" \/>\n<script type=\"application\/ld+json\" class=\"yoast-schema-graph\">{\"@context\":\"https:\/\/schema.org\",\"@graph\":[{\"@type\":\"WebPage\",\"@id\":\"https:\/\/www.anytrek.com\/end-user-terms-and-conditions\/\",\"url\":\"https:\/\/www.anytrek.com\/end-user-terms-and-conditions\/\",\"name\":\"End User Terms and Conditions - Smart Trucking, powered by AI.\",\"isPartOf\":{\"@id\":\"https:\/\/www.anytrek.com\/#website\"},\"datePublished\":\"2025-04-19T19:08:51+00:00\",\"dateModified\":\"2025-05-04T20:51:05+00:00\",\"breadcrumb\":{\"@id\":\"https:\/\/www.anytrek.com\/end-user-terms-and-conditions\/#breadcrumb\"},\"inLanguage\":\"es\",\"potentialAction\":[{\"@type\":\"ReadAction\",\"target\":[\"https:\/\/www.anytrek.com\/end-user-terms-and-conditions\/\"]}]},{\"@type\":\"BreadcrumbList\",\"@id\":\"https:\/\/www.anytrek.com\/end-user-terms-and-conditions\/#breadcrumb\",\"itemListElement\":[{\"@type\":\"ListItem\",\"position\":1,\"name\":\"Home\",\"item\":\"https:\/\/www.anytrek.com\/\"},{\"@type\":\"ListItem\",\"position\":2,\"name\":\"End User Terms and Conditions\"}]},{\"@type\":\"WebSite\",\"@id\":\"https:\/\/www.anytrek.com\/#website\",\"url\":\"https:\/\/www.anytrek.com\/\",\"name\":\"Smart Trucking, powered by AI.\",\"description\":\"Anytrek\",\"publisher\":{\"@id\":\"https:\/\/www.anytrek.com\/#organization\"},\"potentialAction\":[{\"@type\":\"SearchAction\",\"target\":{\"@type\":\"EntryPoint\",\"urlTemplate\":\"https:\/\/www.anytrek.com\/?s={search_term_string}\"},\"query-input\":{\"@type\":\"PropertyValueSpecification\",\"valueRequired\":true,\"valueName\":\"search_term_string\"}}],\"inLanguage\":\"es\"},{\"@type\":\"Organization\",\"@id\":\"https:\/\/www.anytrek.com\/#organization\",\"name\":\"Smart Trucking, powered by AI.\",\"url\":\"https:\/\/www.anytrek.com\/\",\"logo\":{\"@type\":\"ImageObject\",\"inLanguage\":\"es\",\"@id\":\"https:\/\/www.anytrek.com\/#\/schema\/logo\/image\/\",\"url\":\"https:\/\/www.anytrek.com\/wp-content\/uploads\/2025\/04\/Logo.png\",\"contentUrl\":\"https:\/\/www.anytrek.com\/wp-content\/uploads\/2025\/04\/Logo.png\",\"width\":1375,\"height\":459,\"caption\":\"Smart Trucking, powered by AI.\"},\"image\":{\"@id\":\"https:\/\/www.anytrek.com\/#\/schema\/logo\/image\/\"}}]}<\/script>\n<!-- \/ Yoast SEO plugin. -->","yoast_head_json":{"title":"T\u00e9rminos y condiciones para el usuario final - Camionaje Inteligente, impulsado por IA","robots":{"index":"index","follow":"follow","max-snippet":"max-snippet:-1","max-image-preview":"max-image-preview:large","max-video-preview":"max-video-preview:-1"},"canonical":"https:\/\/www.anytrek.com\/es\/terminos-y-condiciones-para-el-usuario-final\/","og_locale":"es_MX","og_type":"article","og_title":"End User Terms and Conditions - Smart Trucking, powered by AI.","og_description":"End User Terms and Conditions AGREEMENT BETWEEN USER AND COMPANY Through its Web Site(www.anytrek.com and fleet.anytrek.com)\u00a0Anytrek Corporation, Inc. (\u201cCompany\u201d) provides you with access to various services and information, including GPS tracking of vehicles, product information, company information, and other information contained within the web pages of the Company Web Site (collectively \u201cWeb Content\u201d). The Web [&hellip;]","og_url":"https:\/\/www.anytrek.com\/es\/terminos-y-condiciones-para-el-usuario-final\/","og_site_name":"Smart Trucking, powered by AI.","article_modified_time":"2025-05-04T20:51:05+00:00","twitter_card":"summary_large_image","twitter_misc":{"Tiempo de lectura":"6 minutos"},"schema":{"@context":"https:\/\/schema.org","@graph":[{"@type":"WebPage","@id":"https:\/\/www.anytrek.com\/end-user-terms-and-conditions\/","url":"https:\/\/www.anytrek.com\/end-user-terms-and-conditions\/","name":"T\u00e9rminos y condiciones para el usuario final - Camionaje Inteligente, impulsado por IA","isPartOf":{"@id":"https:\/\/www.anytrek.com\/#website"},"datePublished":"2025-04-19T19:08:51+00:00","dateModified":"2025-05-04T20:51:05+00:00","breadcrumb":{"@id":"https:\/\/www.anytrek.com\/end-user-terms-and-conditions\/#breadcrumb"},"inLanguage":"es","potentialAction":[{"@type":"ReadAction","target":["https:\/\/www.anytrek.com\/end-user-terms-and-conditions\/"]}]},{"@type":"BreadcrumbList","@id":"https:\/\/www.anytrek.com\/end-user-terms-and-conditions\/#breadcrumb","itemListElement":[{"@type":"ListItem","position":1,"name":"Home","item":"https:\/\/www.anytrek.com\/"},{"@type":"ListItem","position":2,"name":"End User Terms and Conditions"}]},{"@type":"WebSite","@id":"https:\/\/www.anytrek.com\/#website","url":"https:\/\/www.anytrek.com\/","name":"Camionaje Inteligente, impulsado por IA.","description":"Anytrek","publisher":{"@id":"https:\/\/www.anytrek.com\/#organization"},"potentialAction":[{"@type":"SearchAction","target":{"@type":"EntryPoint","urlTemplate":"https:\/\/www.anytrek.com\/?s={search_term_string}"},"query-input":{"@type":"PropertyValueSpecification","valueRequired":true,"valueName":"search_term_string"}}],"inLanguage":"es"},{"@type":"Organization","@id":"https:\/\/www.anytrek.com\/#organization","name":"Camionaje Inteligente, impulsado por IA.","url":"https:\/\/www.anytrek.com\/","logo":{"@type":"ImageObject","inLanguage":"es","@id":"https:\/\/www.anytrek.com\/#\/schema\/logo\/image\/","url":"https:\/\/www.anytrek.com\/wp-content\/uploads\/2025\/04\/Logo.png","contentUrl":"https:\/\/www.anytrek.com\/wp-content\/uploads\/2025\/04\/Logo.png","width":1375,"height":459,"caption":"Smart Trucking, powered by AI."},"image":{"@id":"https:\/\/www.anytrek.com\/#\/schema\/logo\/image\/"}}]}},"_links":{"self":[{"href":"https:\/\/www.anytrek.com\/es\/wp-json\/wp\/v2\/pages\/2018","targetHints":{"allow":["GET"]}}],"collection":[{"href":"https:\/\/www.anytrek.com\/es\/wp-json\/wp\/v2\/pages"}],"about":[{"href":"https:\/\/www.anytrek.com\/es\/wp-json\/wp\/v2\/types\/page"}],"author":[{"embeddable":true,"href":"https:\/\/www.anytrek.com\/es\/wp-json\/wp\/v2\/users\/1"}],"replies":[{"embeddable":true,"href":"https:\/\/www.anytrek.com\/es\/wp-json\/wp\/v2\/comments?post=2018"}],"version-history":[{"count":10,"href":"https:\/\/www.anytrek.com\/es\/wp-json\/wp\/v2\/pages\/2018\/revisions"}],"predecessor-version":[{"id":5360,"href":"https:\/\/www.anytrek.com\/es\/wp-json\/wp\/v2\/pages\/2018\/revisions\/5360"}],"wp:attachment":[{"href":"https:\/\/www.anytrek.com\/es\/wp-json\/wp\/v2\/media?parent=2018"}],"curies":[{"name":"wp","href":"https:\/\/api.w.org\/{rel}","templated":true}]}}