{"id":2011,"date":"2025-04-19T19:07:25","date_gmt":"2025-04-19T19:07:25","guid":{"rendered":"https:\/\/www.anytrek.com\/?page_id=2011"},"modified":"2025-12-15T01:45:06","modified_gmt":"2025-12-15T01:45:06","slug":"politica-de-privacidad","status":"publish","type":"page","link":"https:\/\/www.anytrek.com\/es\/politica-de-privacidad\/","title":{"rendered":"Pol\u00edtica de privacidad"},"content":{"rendered":"<div data-elementor-type=\"wp-page\" data-elementor-id=\"2011\" class=\"elementor elementor-2011\" data-elementor-post-type=\"page\">\n\t\t\t\t<div data-dce-background-overlay-color=\"#05050578\" data-dce-background-image-url=\"https:\/\/www.anytrek.com\/wp-content\/uploads\/2025\/04\/returnandcancellation-images-entete.jpg\" class=\"elementor-element elementor-element-148da7c e-con-full e-flex e-con e-parent\" data-id=\"148da7c\" data-element_type=\"container\" data-e-type=\"container\" data-settings=\"{&quot;background_background&quot;:&quot;classic&quot;}\">\n\t\t\t\t<div class=\"elementor-element elementor-element-c816b19 elementor-widget__width-initial elementor-widget-tablet__width-initial elementor-widget-divider--view-line elementor-widget elementor-widget-divider\" data-id=\"c816b19\" data-element_type=\"widget\" data-e-type=\"widget\" data-widget_type=\"divider.default\">\n\t\t\t\t<div class=\"elementor-widget-container\">\n\t\t\t\t\t\t\t<div class=\"elementor-divider\">\n\t\t\t<span class=\"elementor-divider-separator\">\n\t\t\t\t\t\t<\/span>\n\t\t<\/div>\n\t\t\t\t\t\t<\/div>\n\t\t\t\t<\/div>\n\t\t\t\t<div class=\"elementor-element elementor-element-3ac45cc elementor-widget__width-inherit elementor-widget-mobile__width-initial elementor-widget elementor-widget-heading\" data-id=\"3ac45cc\" data-element_type=\"widget\" data-e-type=\"widget\" data-widget_type=\"heading.default\">\n\t\t\t\t<div class=\"elementor-widget-container\">\n\t\t\t\t\t<h2 class=\"elementor-heading-title elementor-size-default\">Pol\u00edtica de privacidad<\/h2>\t\t\t\t<\/div>\n\t\t\t\t<\/div>\n\t\t\t\t<\/div>\n\t\t<div class=\"elementor-element elementor-element-ceb8672 e-flex e-con-boxed e-con e-parent\" data-id=\"ceb8672\" data-element_type=\"container\" data-e-type=\"container\">\n\t\t\t\t\t<div class=\"e-con-inner\">\n\t\t<div class=\"elementor-element elementor-element-3f9d4ed e-con-full e-flex e-con e-child\" data-id=\"3f9d4ed\" data-element_type=\"container\" data-e-type=\"container\">\n\t\t\t\t<div class=\"elementor-element elementor-element-4c829df elementor-widget elementor-widget-text-editor\" data-id=\"4c829df\" data-element_type=\"widget\" data-e-type=\"widget\" data-widget_type=\"text-editor.default\">\n\t\t\t\t<div class=\"elementor-widget-container\">\n\t\t\t\t\t\t\t\t\t<div class=\"story-l\"><p>Anytrek Corp proporciona este sitio para su informaci\u00f3n. Nos comprometemos a preservar su privacidad cuando utilice este sitio.<\/p><p>Ninguno de los productos de seguimiento de Anytrek recoge informaci\u00f3n personal. Cuando nos proporcione informaci\u00f3n directamente, esa informaci\u00f3n se conservar\u00e1 s\u00f3lo durante el tiempo necesario para cumplir el prop\u00f3sito para el que se recogi\u00f3 la informaci\u00f3n o seg\u00fan lo exija la ley.<\/p><p>No compartimos informaci\u00f3n personal con terceros, excepto cuando es necesario para llevar a cabo nuestra actividad o cuando lo exige la ley. Si se va a compartir la informaci\u00f3n con un tercero, le pediremos permiso antes de enviar la informaci\u00f3n. Nunca venderemos su informaci\u00f3n personal. La informaci\u00f3n indirecta puede recogerse mediante el uso de \u00abcookies\u00bb. Las cookies son peque\u00f1os archivos de texto que se colocan en su ordenador cuando visita el sitio por primera vez. La mayor\u00eda de los navegadores reconocen ahora cuando se ofrece una cookie y le permiten rechazarla o aceptarla. Las cookies se utilizan principalmente para mejorar su experiencia en l\u00ednea y no se utilizan para rastrear los h\u00e1bitos de navegaci\u00f3n de visitantes identificados, a menos que obtengamos su permiso para hacerlo.<\/p><p>La informaci\u00f3n indirecta puede recopilarse mediante el uso de cookies. Las cookies son peque\u00f1os archivos de texto que se colocan en su computadora cuando visita el sitio web por primera vez. La mayor\u00eda de los navegadores ahora reconocen cuando se ofrece una cookie y proporcionan la opci\u00f3n de aceptarla o rechazarla. Las cookies se utilizan principalmente para mejorar y personalizar su experiencia en l\u00ednea mientras navega por el sitio web de Anytrek y no se utilizan para rastrear los h\u00e1bitos de navegaci\u00f3n de los visitantes a menos que obtengamos su permiso para hacerlo. La informaci\u00f3n recopilada mediante estos m\u00e9todos se utiliza generalmente con fines estad\u00edsticos.<\/p><\/div>\t\t\t\t\t\t\t\t<\/div>\n\t\t\t\t<\/div>\n\t\t\t\t<\/div>\n\t\t<div class=\"elementor-element elementor-element-0058537 e-con-full e-flex e-con e-child\" data-id=\"0058537\" data-element_type=\"container\" data-e-type=\"container\">\n\t\t\t\t<div class=\"elementor-element elementor-element-55011e0 elementor-widget elementor-widget-text-editor\" data-id=\"55011e0\" data-element_type=\"widget\" data-e-type=\"widget\" data-widget_type=\"text-editor.default\">\n\t\t\t\t<div class=\"elementor-widget-container\">\n\t\t\t\t\t\t\t\t\t<div class=\"story-r\"><p>Anytrek reconoce las se\u00f1ales de Global Privacy Control (GPC) como una solicitud v\u00e1lida para optar por no vender o compartir informaci\u00f3n personal seg\u00fan las leyes de privacidad estatales de EE.\u00a0UU., incluyendo la Ley de Privacidad del Consumidor de California (CCPA), enmendada. Si su navegador o dispositivo env\u00eda una se\u00f1al GPC, trataremos esta se\u00f1al como una solicitud para optar por no vender o compartir informaci\u00f3n personal para ese navegador o dispositivo, y no se requiere ninguna acci\u00f3n adicional por su parte.<\/p><p>Tiene derecho a saber si conservamos informaci\u00f3n sobre usted y, en caso afirmativo, a acceder a dicha informaci\u00f3n y solicitar su correcci\u00f3n si es inexacta. Puede hacerlo comunic\u00e1ndose con Anytrek Corp al +52 (464) 123-9337.<\/p><p>Anytrek Corp toma las medidas adecuadas para mantener la seguridad de sus datos en este sitio web. Al acceder a este sitio web, usted comprende que la naturaleza abierta de Internet implica que los datos pueden circular por redes sin medidas de seguridad y pueden ser accedidos y utilizados por personas distintas a aquellas a quienes est\u00e1n destinados.<\/p><p>Debe entender que la naturaleza abierta de Internet es tal que los datos pueden viajar por las redes sin medidas de seguridad y pueden ser accedidos y utilizados por personas distintas a las que est\u00e1n destinados los datos.<\/p><\/div>\t\t\t\t\t\t\t\t<\/div>\n\t\t\t\t<\/div>\n\t\t\t\t<\/div>\n\t\t\t\t\t<\/div>\n\t\t\t\t<\/div>\n\t\t\t\t<\/div>","protected":false},"excerpt":{"rendered":"<p>Privacy Policy Anytrek provides this site for informational purposes. We are committed to maintaining your privacy while using this site. Anytrek may retrieve personal information gathered on this site either by you directly (for example, if you fill out an online form) or indirectly (using various web technologies such as cookies). None of Anytrek\u2019s tracking [&hellip;]<\/p>\n","protected":false},"author":1,"featured_media":0,"parent":0,"menu_order":0,"comment_status":"closed","ping_status":"closed","template":"","meta":{"_acf_changed":false,"footnotes":""},"class_list":["post-2011","page","type-page","status-publish","hentry"],"blocksy_meta":{"has_hero_section":"disabled","styles_descriptor":{"styles":{"desktop":"","tablet":"","mobile":""},"google_fonts":[],"version":6},"vertical_spacing_source":"custom","content_area_spacing":"none"},"acf":[],"yoast_head":"<!-- This site is optimized with the Yoast SEO plugin v27.1.1 - https:\/\/yoast.com\/product\/yoast-seo-wordpress\/ -->\n<title>Privacy Policy - Smart Trucking, powered by AI.<\/title>\n<meta name=\"robots\" content=\"index, follow, max-snippet:-1, max-image-preview:large, max-video-preview:-1\" \/>\n<link rel=\"canonical\" href=\"https:\/\/www.anytrek.com\/es\/politica-de-privacidad\/\" \/>\n<meta property=\"og:locale\" content=\"es_MX\" \/>\n<meta property=\"og:type\" content=\"article\" \/>\n<meta property=\"og:title\" content=\"Privacy Policy - Smart Trucking, powered by AI.\" \/>\n<meta property=\"og:description\" content=\"Privacy Policy Anytrek provides this site for informational purposes. We are committed to maintaining your privacy while using this site. Anytrek may retrieve personal information gathered on this site either by you directly (for example, if you fill out an online form) or indirectly (using various web technologies such as cookies). None of Anytrek\u2019s tracking [&hellip;]\" \/>\n<meta property=\"og:url\" content=\"https:\/\/www.anytrek.com\/es\/politica-de-privacidad\/\" \/>\n<meta property=\"og:site_name\" content=\"Smart Trucking, powered by AI.\" \/>\n<meta property=\"article:modified_time\" content=\"2025-12-15T01:45:06+00:00\" \/>\n<meta name=\"twitter:card\" content=\"summary_large_image\" \/>\n<meta name=\"twitter:label1\" content=\"Tiempo de lectura\" \/>\n\t<meta name=\"twitter:data1\" content=\"2 minutos\" \/>\n<script type=\"application\/ld+json\" class=\"yoast-schema-graph\">{\"@context\":\"https:\/\/schema.org\",\"@graph\":[{\"@type\":\"WebPage\",\"@id\":\"https:\/\/www.anytrek.com\/privacy-policy\/\",\"url\":\"https:\/\/www.anytrek.com\/privacy-policy\/\",\"name\":\"Privacy Policy - Smart Trucking, powered by AI.\",\"isPartOf\":{\"@id\":\"https:\/\/www.anytrek.com\/#website\"},\"datePublished\":\"2025-04-19T19:07:25+00:00\",\"dateModified\":\"2025-12-15T01:45:06+00:00\",\"breadcrumb\":{\"@id\":\"https:\/\/www.anytrek.com\/privacy-policy\/#breadcrumb\"},\"inLanguage\":\"es\",\"potentialAction\":[{\"@type\":\"ReadAction\",\"target\":[\"https:\/\/www.anytrek.com\/privacy-policy\/\"]}]},{\"@type\":\"BreadcrumbList\",\"@id\":\"https:\/\/www.anytrek.com\/privacy-policy\/#breadcrumb\",\"itemListElement\":[{\"@type\":\"ListItem\",\"position\":1,\"name\":\"Home\",\"item\":\"https:\/\/www.anytrek.com\/\"},{\"@type\":\"ListItem\",\"position\":2,\"name\":\"Privacy Policy\"}]},{\"@type\":\"WebSite\",\"@id\":\"https:\/\/www.anytrek.com\/#website\",\"url\":\"https:\/\/www.anytrek.com\/\",\"name\":\"Smart Trucking, powered by AI.\",\"description\":\"Anytrek\",\"publisher\":{\"@id\":\"https:\/\/www.anytrek.com\/#organization\"},\"potentialAction\":[{\"@type\":\"SearchAction\",\"target\":{\"@type\":\"EntryPoint\",\"urlTemplate\":\"https:\/\/www.anytrek.com\/?s={search_term_string}\"},\"query-input\":{\"@type\":\"PropertyValueSpecification\",\"valueRequired\":true,\"valueName\":\"search_term_string\"}}],\"inLanguage\":\"es\"},{\"@type\":\"Organization\",\"@id\":\"https:\/\/www.anytrek.com\/#organization\",\"name\":\"Smart Trucking, powered by AI.\",\"url\":\"https:\/\/www.anytrek.com\/\",\"logo\":{\"@type\":\"ImageObject\",\"inLanguage\":\"es\",\"@id\":\"https:\/\/www.anytrek.com\/#\/schema\/logo\/image\/\",\"url\":\"https:\/\/www.anytrek.com\/wp-content\/uploads\/2025\/04\/Logo.png\",\"contentUrl\":\"https:\/\/www.anytrek.com\/wp-content\/uploads\/2025\/04\/Logo.png\",\"width\":1375,\"height\":459,\"caption\":\"Smart Trucking, powered by AI.\"},\"image\":{\"@id\":\"https:\/\/www.anytrek.com\/#\/schema\/logo\/image\/\"}}]}<\/script>\n<!-- \/ Yoast SEO plugin. -->","yoast_head_json":{"title":"Pol\u00edtica de privacidad - Camionaje Inteligente, impulsado por IA","robots":{"index":"index","follow":"follow","max-snippet":"max-snippet:-1","max-image-preview":"max-image-preview:large","max-video-preview":"max-video-preview:-1"},"canonical":"https:\/\/www.anytrek.com\/es\/politica-de-privacidad\/","og_locale":"es_MX","og_type":"article","og_title":"Privacy Policy - Smart Trucking, powered by AI.","og_description":"Privacy Policy Anytrek provides this site for informational purposes. We are committed to maintaining your privacy while using this site. Anytrek may retrieve personal information gathered on this site either by you directly (for example, if you fill out an online form) or indirectly (using various web technologies such as cookies). None of Anytrek\u2019s tracking [&hellip;]","og_url":"https:\/\/www.anytrek.com\/es\/politica-de-privacidad\/","og_site_name":"Smart Trucking, powered by AI.","article_modified_time":"2025-12-15T01:45:06+00:00","twitter_card":"summary_large_image","twitter_misc":{"Tiempo de lectura":"2 minutos"},"schema":{"@context":"https:\/\/schema.org","@graph":[{"@type":"WebPage","@id":"https:\/\/www.anytrek.com\/privacy-policy\/","url":"https:\/\/www.anytrek.com\/privacy-policy\/","name":"Pol\u00edtica de privacidad - Camionaje Inteligente, impulsado por IA","isPartOf":{"@id":"https:\/\/www.anytrek.com\/#website"},"datePublished":"2025-04-19T19:07:25+00:00","dateModified":"2025-12-15T01:45:06+00:00","breadcrumb":{"@id":"https:\/\/www.anytrek.com\/privacy-policy\/#breadcrumb"},"inLanguage":"es","potentialAction":[{"@type":"ReadAction","target":["https:\/\/www.anytrek.com\/privacy-policy\/"]}]},{"@type":"BreadcrumbList","@id":"https:\/\/www.anytrek.com\/privacy-policy\/#breadcrumb","itemListElement":[{"@type":"ListItem","position":1,"name":"Home","item":"https:\/\/www.anytrek.com\/"},{"@type":"ListItem","position":2,"name":"Privacy Policy"}]},{"@type":"WebSite","@id":"https:\/\/www.anytrek.com\/#website","url":"https:\/\/www.anytrek.com\/","name":"Camionaje Inteligente, impulsado por IA.","description":"Anytrek","publisher":{"@id":"https:\/\/www.anytrek.com\/#organization"},"potentialAction":[{"@type":"SearchAction","target":{"@type":"EntryPoint","urlTemplate":"https:\/\/www.anytrek.com\/?s={search_term_string}"},"query-input":{"@type":"PropertyValueSpecification","valueRequired":true,"valueName":"search_term_string"}}],"inLanguage":"es"},{"@type":"Organization","@id":"https:\/\/www.anytrek.com\/#organization","name":"Camionaje Inteligente, impulsado por IA.","url":"https:\/\/www.anytrek.com\/","logo":{"@type":"ImageObject","inLanguage":"es","@id":"https:\/\/www.anytrek.com\/#\/schema\/logo\/image\/","url":"https:\/\/www.anytrek.com\/wp-content\/uploads\/2025\/04\/Logo.png","contentUrl":"https:\/\/www.anytrek.com\/wp-content\/uploads\/2025\/04\/Logo.png","width":1375,"height":459,"caption":"Smart Trucking, powered by AI."},"image":{"@id":"https:\/\/www.anytrek.com\/#\/schema\/logo\/image\/"}}]}},"_links":{"self":[{"href":"https:\/\/www.anytrek.com\/es\/wp-json\/wp\/v2\/pages\/2011","targetHints":{"allow":["GET"]}}],"collection":[{"href":"https:\/\/www.anytrek.com\/es\/wp-json\/wp\/v2\/pages"}],"about":[{"href":"https:\/\/www.anytrek.com\/es\/wp-json\/wp\/v2\/types\/page"}],"author":[{"embeddable":true,"href":"https:\/\/www.anytrek.com\/es\/wp-json\/wp\/v2\/users\/1"}],"replies":[{"embeddable":true,"href":"https:\/\/www.anytrek.com\/es\/wp-json\/wp\/v2\/comments?post=2011"}],"version-history":[{"count":7,"href":"https:\/\/www.anytrek.com\/es\/wp-json\/wp\/v2\/pages\/2011\/revisions"}],"predecessor-version":[{"id":7694,"href":"https:\/\/www.anytrek.com\/es\/wp-json\/wp\/v2\/pages\/2011\/revisions\/7694"}],"wp:attachment":[{"href":"https:\/\/www.anytrek.com\/es\/wp-json\/wp\/v2\/media?parent=2011"}],"curies":[{"name":"wp","href":"https:\/\/api.w.org\/{rel}","templated":true}]}}